{"id":222,"date":"2023-06-11T09:06:06","date_gmt":"2023-06-11T09:06:06","guid":{"rendered":"https:\/\/moroccotravelbe.com\/?page_id=222"},"modified":"2024-09-21T12:00:49","modified_gmt":"2024-09-21T12:00:49","slug":"trekking-erlebnis-und-rundreisen-in-marokko","status":"publish","type":"page","link":"https:\/\/moroccotravelbe.com\/en\/","title":{"rendered":"morocco travel be"},"content":{"rendered":"<h2>\n\t\t\tTrekking-, Erlebnis- &#038; Rundreisen in Marokko\n\t\t<\/h2>\n\t\t<h1>\n\t\t\tMarokko &#8211;\u00a0Reisen &#8211;\u00a0Sein\n\t\t\t\t\t\t\t\t\t\t\tGef\u00fchrte Trekking-, Erlebnis- &#038; Rundreisen\n\t\t<\/h1>\n\t\t\t<p>Marhaba und herzlich willkommen bei morocco travel be! Wir sind ein kleines privates marrokanisch-schweizerisches Reiseunternehmen,\u00a0 spezialisiert auf gef\u00fchrte Trekking- Erlebnis- und Rundreisen in Marokko. Wir bieten\u00a0 Gruppenreisen, einzigartige Marrakesch-W\u00fcstentouren, Rundreisen ab Marrakech und F\u00e9s, Langzeitaufenthalte an ausgew\u00e4hlten Orten sowie Tagesausfl\u00fcge in ganz Marokko an. Unser Angebot umfasst auch \u00fcberraschende Reiseerlebnisse. Entdecke Marokko mit einer vielf\u00e4ltigen Auswahl an Wander- und Trekkingreisen, ma\u00dfgeschneiderten Rundreisen und verschiedenen Reiseoptionen in ganz Marokko.Starte dein Abenteuer jetzt und erlebe Marokko auf einzigartige Weise mit morocco travel be.<\/p>\u00a0\t\t\n\t\t\t\t<img loading=\"lazy\" decoding=\"async\" src=\"https:\/\/moroccotravelbe.com\/wp-content\/uploads\/2023\/10\/icon2.png\" alt=\"icon2\" itemprop=\"image\" height=\"306\" width=\"200\" title=\"icon2\" onerror=\"this.style.display='none'\"  \/>\n\t\t<h2>\n\t\t\tmorocco travel\n\t\t\t\t\t\t\t\t\t\t\tTrekking-, Erlebnis- und Rundreisen\n\t\t<\/h2>\n\t\t\t<p>Here you will find our carefully selected range of trekking, adventure and round trips. We want to make your trip to Morocco an unforgettable experience. With us, the quality of your travel experience takes centre stage. With us, you will discover the fascinating facets of Morocco in a carefully considered and well-planned adventure.<\/p>\t\t\n\t\t\t<a href=\"https:\/\/moroccotravelbe.com\/en\/tag\/morocco-travel\/\" target=\"_self\" rel=\"noopener\">\n\t\t\t\t\t\tDiscover more\n\t\t\t\t\t<\/a>\n\t\t<h3>So nah &#038; doch fern<\/h3>\n\t\t\t\t\t<p>Immerse yourself in another culture, experience the silence, simplicity, and soothing power of the desert.\u00a0<\/p>\t\t\t\t\n\t\t<h3>Our desire<\/h3>\n\t\t\t\t\t<p>We want to create experiences. We focus on the quality of your travel experience.<\/p>\t\t\t\t\n\t\t<h3>testimonials<\/h3>\n\t\t\t\t\t<p>What do our customers say? Here, you can read some testimonials.<\/p>\t\t\t\t\n\t\t\t\t\n\t\t\t\t\t<a href=\"https:\/\/moroccotravelbe.com\/en\/ueber\/kundenstimmen\/\" role=\"button\" target=\"_self\" rel=\"noopener\">\n\t\t\t\t\t\t&gt;&gt;Read more\t\t\t\t\t<\/a>\n\t\t\t\t\n\t\t<h3>Questions?<\/h3>\n\t\t\t\t\t<p>Do you have any questions about us and our services? We will be happy to answer them.<\/p>\t\t\t\t\n\t\t\t\t<img loading=\"lazy\" decoding=\"async\" src=\"https:\/\/moroccotravelbe.com\/wp-content\/uploads\/2023\/10\/icon2.png\" alt=\"icon2\" itemprop=\"image\" height=\"306\" width=\"200\" title=\"icon2\" onerror=\"this.style.display='none'\"  \/>\n\t\t<h2>\n\t\t\tmorocco be\n\t\t\t\t\t\t\t\t\t\t\tEinfach sein \n\t\t<\/h2>\n\t\t\t<p>Here you will find special offers where we invite you to simply be and at the same time immerse yourself in the culture and the exchange with the people and the environment. Here you can learn craftsmanship in exchange with locals, relax, enjoy the vastness of the desert and linger in silence.<\/p>\t\t\n\t\t\t<a href=\"https:\/\/moroccotravelbe.com\/en\/tag\/morocco-be\/\" target=\"_self\" rel=\"noopener\">\n\t\t\t\t\t\tDiscover more\n\t\t\t\t\t<\/a>\n\t\t\t\t<img loading=\"lazy\" decoding=\"async\" src=\"https:\/\/moroccotravelbe.com\/wp-content\/uploads\/2023\/10\/icon2.png\" alt=\"icon2\" itemprop=\"image\" height=\"306\" width=\"200\" title=\"icon2\" onerror=\"this.style.display='none'\"  \/>\n\t\t<h2>\n\t\t\tmorocco individuell\n\t\t\t\t\t\t\t\t\t\t\tWir gestalten deine individuelle Reise\n\t\t<\/h2>\n\t\t\t<p>M\u00f6chtest du die W\u00fcste oder Marokko entdecken, wei\u00dft aber nicht, wo du anfangen sollst?Kontaktiere uns, und wir stehen dir beratend zur Seite, um deine Reise zu planen und zu organisieren. Mit unserer Erfahrung und unserem Feingef\u00fchl finden wir garantiert das Passende f\u00fcr dich.<\/p>\t\t\n\t\t\t<a href=\"https:\/\/moroccotravelbe.com\/en\/kontakt\/\" target=\"_self\" rel=\"noopener\">\n\t\t\t\t\t\tContact\n\t\t\t\t\t<\/a>","protected":false},"excerpt":{"rendered":"<p>Trekking-, Erlebnis- &#038; Rundreisen in Marokko Marokko &#8211;\u00a0Reisen &#8211;\u00a0Sein Gef\u00fchrte Trekking-, Erlebnis- &#038; Rundreisen Marhaba und herzlich willkommen bei morocco travel be! Wir sind ein kleines privates marrokanisch-schweizerisches Reiseunternehmen,\u00a0 spezialisiert auf gef\u00fchrte Trekking- Erlebnis- und Rundreisen in Marokko. Wir bieten\u00a0 Gruppenreisen, einzigartige Marrakesch-W\u00fcstentouren, Rundreisen ab Marrakech und F\u00e9s, Langzeitaufenthalte an ausgew\u00e4hlten Orten sowie Tagesausfl\u00fcge in&hellip;<\/p>","protected":false},"author":1,"featured_media":0,"parent":0,"menu_order":0,"comment_status":"closed","ping_status":"closed","template":"","meta":{"footnotes":""},"class_list":["post-222","page","type-page","status-publish","hentry"],"yoast_head":"<!-- This site is optimized with the Yoast SEO plugin v27.4 - https:\/\/yoast.com\/product\/yoast-seo-wordpress\/ -->\n<title>morocco travel be - moroccotravelbe moroccotravelbe<\/title>\n<meta name=\"description\" content=\"Bei uns findest du gef\u00fchrteTrekking-, Erlebnis- &amp; Rundreisen in ganz Marokko. Unser Spezialgebiet sind Trekkings in der Sahara.\" \/>\n<meta name=\"robots\" content=\"index, follow, max-snippet:-1, max-image-preview:large, max-video-preview:-1\" \/>\n<link rel=\"canonical\" href=\"https:\/\/moroccotravelbe.com\/en\/\" \/>\n<meta property=\"og:locale\" content=\"en_GB\" \/>\n<meta property=\"og:type\" content=\"article\" \/>\n<meta property=\"og:title\" content=\"morocco travel be - moroccotravelbe moroccotravelbe\" \/>\n<meta property=\"og:description\" content=\"Bei uns findest du gef\u00fchrteTrekking-, Erlebnis- &amp; Rundreisen in ganz Marokko. Unser Spezialgebiet sind Trekkings in der Sahara.\" \/>\n<meta property=\"og:url\" content=\"https:\/\/moroccotravelbe.com\/en\/\" \/>\n<meta property=\"og:site_name\" content=\"moroccotravelbe\" \/>\n<meta property=\"article:modified_time\" content=\"2024-09-21T12:00:49+00:00\" \/>\n<meta property=\"og:image\" content=\"https:\/\/moroccotravelbe.com\/wp-content\/uploads\/2023\/10\/icon2.png\" \/>\n<meta name=\"twitter:card\" content=\"summary_large_image\" \/>\n<meta name=\"twitter:label1\" content=\"Estimated reading time\" \/>\n\t<meta name=\"twitter:data1\" content=\"3 minutes\" \/>\n<script type=\"application\/ld+json\" class=\"yoast-schema-graph\">{\"@context\":\"https:\\\/\\\/schema.org\",\"@graph\":[{\"@type\":\"WebPage\",\"@id\":\"https:\\\/\\\/moroccotravelbe.com\\\/\",\"url\":\"https:\\\/\\\/moroccotravelbe.com\\\/\",\"name\":\"morocco travel be - moroccotravelbe moroccotravelbe\",\"isPartOf\":{\"@id\":\"https:\\\/\\\/moroccotravelbe.com\\\/#website\"},\"primaryImageOfPage\":{\"@id\":\"https:\\\/\\\/moroccotravelbe.com\\\/#primaryimage\"},\"image\":{\"@id\":\"https:\\\/\\\/moroccotravelbe.com\\\/#primaryimage\"},\"thumbnailUrl\":\"https:\\\/\\\/moroccotravelbe.com\\\/wp-content\\\/uploads\\\/2023\\\/10\\\/icon2.png\",\"datePublished\":\"2023-06-11T09:06:06+00:00\",\"dateModified\":\"2024-09-21T12:00:49+00:00\",\"description\":\"Bei uns findest du gef\u00fchrteTrekking-, Erlebnis- & Rundreisen in ganz Marokko. Unser Spezialgebiet sind Trekkings in der Sahara.\",\"breadcrumb\":{\"@id\":\"https:\\\/\\\/moroccotravelbe.com\\\/#breadcrumb\"},\"inLanguage\":\"en-GB\",\"potentialAction\":[{\"@type\":\"ReadAction\",\"target\":[\"https:\\\/\\\/moroccotravelbe.com\\\/\"]}]},{\"@type\":\"ImageObject\",\"inLanguage\":\"en-GB\",\"@id\":\"https:\\\/\\\/moroccotravelbe.com\\\/#primaryimage\",\"url\":\"https:\\\/\\\/moroccotravelbe.com\\\/wp-content\\\/uploads\\\/2023\\\/10\\\/icon2.png\",\"contentUrl\":\"https:\\\/\\\/moroccotravelbe.com\\\/wp-content\\\/uploads\\\/2023\\\/10\\\/icon2.png\"},{\"@type\":\"BreadcrumbList\",\"@id\":\"https:\\\/\\\/moroccotravelbe.com\\\/#breadcrumb\",\"itemListElement\":[{\"@type\":\"ListItem\",\"position\":1,\"name\":\"home\",\"item\":\"https:\\\/\\\/moroccotravelbe.com\\\/\"},{\"@type\":\"ListItem\",\"position\":2,\"name\":\"morocco travel be\"}]},{\"@type\":\"WebSite\",\"@id\":\"https:\\\/\\\/moroccotravelbe.com\\\/#website\",\"url\":\"https:\\\/\\\/moroccotravelbe.com\\\/\",\"name\":\"moroccotravelbe\",\"description\":\"W\u00fcstentrekkings &amp; Reisen in Marokko\",\"potentialAction\":[{\"@type\":\"SearchAction\",\"target\":{\"@type\":\"EntryPoint\",\"urlTemplate\":\"https:\\\/\\\/moroccotravelbe.com\\\/?s={search_term_string}\"},\"query-input\":{\"@type\":\"PropertyValueSpecification\",\"valueRequired\":true,\"valueName\":\"search_term_string\"}}],\"inLanguage\":\"en-GB\"}]}<\/script>\n<!-- \/ Yoast SEO plugin. -->","yoast_head_json":{"title":"morocco travel be - moroccotravelbe moroccotravelbe","description":"Bei uns findest du gef\u00fchrteTrekking-, Erlebnis- & Rundreisen in ganz Marokko. Unser Spezialgebiet sind Trekkings in der Sahara.","robots":{"index":"index","follow":"follow","max-snippet":"max-snippet:-1","max-image-preview":"max-image-preview:large","max-video-preview":"max-video-preview:-1"},"canonical":"https:\/\/moroccotravelbe.com\/en\/","og_locale":"en_GB","og_type":"article","og_title":"morocco travel be - moroccotravelbe moroccotravelbe","og_description":"Bei uns findest du gef\u00fchrteTrekking-, Erlebnis- & Rundreisen in ganz Marokko. Unser Spezialgebiet sind Trekkings in der Sahara.","og_url":"https:\/\/moroccotravelbe.com\/en\/","og_site_name":"moroccotravelbe","article_modified_time":"2024-09-21T12:00:49+00:00","og_image":[{"url":"https:\/\/moroccotravelbe.com\/wp-content\/uploads\/2023\/10\/icon2.png","type":"","width":"","height":""}],"twitter_card":"summary_large_image","twitter_misc":{"Estimated reading time":"3 minutes"},"schema":{"@context":"https:\/\/schema.org","@graph":[{"@type":"WebPage","@id":"https:\/\/moroccotravelbe.com\/","url":"https:\/\/moroccotravelbe.com\/","name":"morocco travel be - moroccotravelbe moroccotravelbe","isPartOf":{"@id":"https:\/\/moroccotravelbe.com\/#website"},"primaryImageOfPage":{"@id":"https:\/\/moroccotravelbe.com\/#primaryimage"},"image":{"@id":"https:\/\/moroccotravelbe.com\/#primaryimage"},"thumbnailUrl":"https:\/\/moroccotravelbe.com\/wp-content\/uploads\/2023\/10\/icon2.png","datePublished":"2023-06-11T09:06:06+00:00","dateModified":"2024-09-21T12:00:49+00:00","description":"Bei uns findest du gef\u00fchrteTrekking-, Erlebnis- & Rundreisen in ganz Marokko. Unser Spezialgebiet sind Trekkings in der Sahara.","breadcrumb":{"@id":"https:\/\/moroccotravelbe.com\/#breadcrumb"},"inLanguage":"en-GB","potentialAction":[{"@type":"ReadAction","target":["https:\/\/moroccotravelbe.com\/"]}]},{"@type":"ImageObject","inLanguage":"en-GB","@id":"https:\/\/moroccotravelbe.com\/#primaryimage","url":"https:\/\/moroccotravelbe.com\/wp-content\/uploads\/2023\/10\/icon2.png","contentUrl":"https:\/\/moroccotravelbe.com\/wp-content\/uploads\/2023\/10\/icon2.png"},{"@type":"BreadcrumbList","@id":"https:\/\/moroccotravelbe.com\/#breadcrumb","itemListElement":[{"@type":"ListItem","position":1,"name":"home","item":"https:\/\/moroccotravelbe.com\/"},{"@type":"ListItem","position":2,"name":"morocco travel be"}]},{"@type":"WebSite","@id":"https:\/\/moroccotravelbe.com\/#website","url":"https:\/\/moroccotravelbe.com\/","name":"moroccotravelbe","description":"W\u00fcstentrekkings &amp; Reisen in Marokko","potentialAction":[{"@type":"SearchAction","target":{"@type":"EntryPoint","urlTemplate":"https:\/\/moroccotravelbe.com\/?s={search_term_string}"},"query-input":{"@type":"PropertyValueSpecification","valueRequired":true,"valueName":"search_term_string"}}],"inLanguage":"en-GB"}]}},"_links":{"self":[{"href":"https:\/\/moroccotravelbe.com\/en\/wp-json\/wp\/v2\/pages\/222","targetHints":{"allow":["GET"]}}],"collection":[{"href":"https:\/\/moroccotravelbe.com\/en\/wp-json\/wp\/v2\/pages"}],"about":[{"href":"https:\/\/moroccotravelbe.com\/en\/wp-json\/wp\/v2\/types\/page"}],"author":[{"embeddable":true,"href":"https:\/\/moroccotravelbe.com\/en\/wp-json\/wp\/v2\/users\/1"}],"replies":[{"embeddable":true,"href":"https:\/\/moroccotravelbe.com\/en\/wp-json\/wp\/v2\/comments?post=222"}],"version-history":[{"count":5,"href":"https:\/\/moroccotravelbe.com\/en\/wp-json\/wp\/v2\/pages\/222\/revisions"}],"predecessor-version":[{"id":1226,"href":"https:\/\/moroccotravelbe.com\/en\/wp-json\/wp\/v2\/pages\/222\/revisions\/1226"}],"wp:attachment":[{"href":"https:\/\/moroccotravelbe.com\/en\/wp-json\/wp\/v2\/media?parent=222"}],"curies":[{"name":"wp","href":"https:\/\/api.w.org\/{rel}","templated":true}]}}