{"id":618,"date":"2023-10-19T13:18:30","date_gmt":"2023-10-19T13:18:30","guid":{"rendered":"https:\/\/moroccotravelbe.com\/?page_id=618"},"modified":"2024-03-05T12:22:39","modified_gmt":"2024-03-05T12:22:39","slug":"kundenstimmen","status":"publish","type":"page","link":"https:\/\/moroccotravelbe.com\/en\/ueber\/kundenstimmen\/","title":{"rendered":"testimonials"},"content":{"rendered":"<h1>\n\t\t\tTravel reports\n\t\t<\/h1>\n\t\t\t<p>What do our customers say? Here, you can read some testimonials.\u00a0<\/p>\t\t\n\t\t\t\t<img loading=\"lazy\" decoding=\"async\" src=\"https:\/\/moroccotravelbe.com\/wp-content\/uploads\/2023\/12\/wueste2.jpg\" alt=\"wueste2\" itemprop=\"image\" height=\"750\" width=\"1000\" title=\"wueste2\" onerror=\"this.style.display='none'\"  \/>\n\t\t\t\t<img loading=\"lazy\" decoding=\"async\" src=\"https:\/\/moroccotravelbe.com\/wp-content\/uploads\/2023\/12\/wueste1.jpg\" alt=\"wueste1\" itemprop=\"image\" height=\"562\" width=\"1000\" title=\"wueste1\" onerror=\"this.style.display='none'\"  \/>\n\t\t\t<h4>Group tour \/\/ October 2023<\/h4>\n\t\t<h2>\n\t\t\tW\u00fcstentrekking als Famile\n\t\t\t\t\t\t\t\t\t\t\tvon Stephanie\n\t\t<\/h2>\n\t\t\t<p>Wir sind wirklich froh dass wir diese Reise mit Tanja und Moha gemacht haben. Es war ein wundersch\u00f6nes, abenteuerliches Erlebnis f\u00fcr uns. So ganz anders als unsere bisherigen Urlaube und wir schw\u00e4rmen noch immer davon. Es hat uns einen ganz neuen Horizont er\u00f6ffnet, den wir nicht missen m\u00f6chten.\u00a0Wir laufen sehr gerne und wollten einfach mal etwas ganz anderes erleben. Da wir aber nicht recht wussten wie das angehen sollten bin ich sehr froh dass Tanja uns dabei unterst\u00fctzt hat.\u00a0Wir wurden beim Flughafen in Erraschidia sehr herzlich von Moha in Empfang genommen und zu unserem ersten Hotel in der W\u00fcste gebracht. Er hat sich vom ersten Moment an (bis zum Abschluss der Reise) um uns gek\u00fcmmert und wir konnten uns bald v\u00f6llig fallen lassen.\u00a0Gemeinsam marschierten wir mit unserer Reisegruppe, 10 Kamelen und 6 Begleitern durch die W\u00fcste. Die Route war traumhaft sch\u00f6n und abwechslungsreich. Die N\u00e4chte im Zelt unter dem Sternenhimmel oder Essen unter freiem Himmel ein Erlebnis. Die Begleiter waren allesamt sehr nett, zuvorkommen und uns hat es an nichts gefehlt. Die Kinder oder auch jeder der m\u00fcde wurde, durfte auf einem Kamel reiten. Das Essen war sehr lecker, gesund und reichlich.Besonders sch\u00f6n fand ich dass wir uns v\u00f6llig fallen lassen konnten. Das viele Gehen, pure Natur, das gute Essen und die Zeit ohne Technik war eine wirklich sch\u00f6ne Familienzeit und &#8222;Detoxwoche&#8220;. In den Alltag konnten wir zudem das Marokkanische Lebensgef\u00fchl mitnehmen was uns bereichert.\u00a0Wir w\u00fcrden gerne wieder auf einen Trip mitkommen.<\/p>\t\t\n\t\t\t<h4>Group tour \/\/ October 2023<\/h4>\n\t\t<h2>\n\t\t\tW\u00fcstentrekking mit der Famile\n\t\t\t\t\t\t\t\t\t\t\tvon Yuma, 15\n\t\t<\/h2>\n\t\t\t<p><br \/>I found the 5-day desert trip very exciting and thrilling. <br \/>It was a completely new experience for me, which was a lot of fun and gave me a real picture of the desert. <br \/>I struggled at first, but that went away after the first two hours and I got into a real rhythm, which I copied from the Moroccans. <br \/>The whole trekking team was very attentive and approachable. <br \/>The food, the culture, the people and the nature are breathtaking. <br \/>Another big highlight was the camel ride. <br \/>Wenn ich k\u00f6nnte w\u00fcrde ich es sofort wieder machen!Ich finde ich konnte viel aus diesem W\u00fcstenabenteuer mitnehmen und empfehle es allen die Lust haben etwas neues zu sehen .<\/p>\t\t\n\t\t\t\t<img loading=\"lazy\" decoding=\"async\" src=\"https:\/\/moroccotravelbe.com\/wp-content\/uploads\/2024\/03\/yuma.jpg\" alt=\"yuma\" itemprop=\"image\" height=\"1024\" width=\"768\" title=\"yuma\" onerror=\"this.style.display='none'\"  \/>\n\t\t\t\t<img loading=\"lazy\" decoding=\"async\" src=\"https:\/\/moroccotravelbe.com\/wp-content\/uploads\/2024\/03\/yuma-2.jpg\" alt=\"yuma 2\" itemprop=\"image\" height=\"768\" width=\"1024\" title=\"yuma 2\" onerror=\"this.style.display='none'\"  \/>\n\t\t<h1>\n\t\t\tWorauf wartest du?\n\t\t\t\t\t\t\t\t\t\t\tWir freuen uns auf dich!\n\t\t<\/h1>","protected":false},"excerpt":{"rendered":"<p>Reiseberichte Was sagen unsere Kunden? Hier kannst du einige Berichte lesen.\u00a0 Gruppenreise \/\/ Oktober 2023 W\u00fcstentrekking als Famile von Stephanie Wir sind wirklich froh dass wir diese Reise mit Tanja und Moha gemacht haben. Es war ein wundersch\u00f6nes, abenteuerliches Erlebnis f\u00fcr uns. So ganz anders als unsere bisherigen Urlaube und wir schw\u00e4rmen noch immer davon.&hellip;<\/p>","protected":false},"author":1,"featured_media":0,"parent":108,"menu_order":2,"comment_status":"closed","ping_status":"closed","template":"","meta":{"footnotes":""},"class_list":["post-618","page","type-page","status-publish","hentry"],"yoast_head":"<!-- This site is optimized with the Yoast SEO plugin v27.4 - https:\/\/yoast.com\/product\/yoast-seo-wordpress\/ -->\n<title>Kundenstimmen - moroccotravelbe<\/title>\n<meta name=\"robots\" content=\"index, follow, max-snippet:-1, max-image-preview:large, max-video-preview:-1\" \/>\n<link rel=\"canonical\" href=\"https:\/\/moroccotravelbe.com\/en\/ueber\/kundenstimmen\/\" \/>\n<meta property=\"og:locale\" content=\"en_GB\" \/>\n<meta property=\"og:type\" content=\"article\" \/>\n<meta property=\"og:title\" content=\"Kundenstimmen - moroccotravelbe\" \/>\n<meta property=\"og:description\" content=\"Reiseberichte Was sagen unsere Kunden? Hier kannst du einige Berichte lesen.\u00a0 Gruppenreise \/\/ Oktober 2023 W\u00fcstentrekking als Famile von Stephanie Wir sind wirklich froh dass wir diese Reise mit Tanja und Moha gemacht haben. Es war ein wundersch\u00f6nes, abenteuerliches Erlebnis f\u00fcr uns. So ganz anders als unsere bisherigen Urlaube und wir schw\u00e4rmen noch immer davon.&hellip;\" \/>\n<meta property=\"og:url\" content=\"https:\/\/moroccotravelbe.com\/en\/ueber\/kundenstimmen\/\" \/>\n<meta property=\"og:site_name\" content=\"moroccotravelbe\" \/>\n<meta property=\"article:modified_time\" content=\"2024-03-05T12:22:39+00:00\" \/>\n<meta property=\"og:image\" content=\"https:\/\/moroccotravelbe.com\/wp-content\/uploads\/2023\/12\/wueste2.jpg\" \/>\n<meta name=\"twitter:card\" content=\"summary_large_image\" \/>\n<meta name=\"twitter:label1\" content=\"Estimated reading time\" \/>\n\t<meta name=\"twitter:data1\" content=\"2 minutes\" \/>\n<script type=\"application\/ld+json\" class=\"yoast-schema-graph\">{\"@context\":\"https:\\\/\\\/schema.org\",\"@graph\":[{\"@type\":\"WebPage\",\"@id\":\"https:\\\/\\\/moroccotravelbe.com\\\/ueber\\\/kundenstimmen\\\/\",\"url\":\"https:\\\/\\\/moroccotravelbe.com\\\/ueber\\\/kundenstimmen\\\/\",\"name\":\"Kundenstimmen - moroccotravelbe\",\"isPartOf\":{\"@id\":\"https:\\\/\\\/moroccotravelbe.com\\\/#website\"},\"primaryImageOfPage\":{\"@id\":\"https:\\\/\\\/moroccotravelbe.com\\\/ueber\\\/kundenstimmen\\\/#primaryimage\"},\"image\":{\"@id\":\"https:\\\/\\\/moroccotravelbe.com\\\/ueber\\\/kundenstimmen\\\/#primaryimage\"},\"thumbnailUrl\":\"https:\\\/\\\/moroccotravelbe.com\\\/wp-content\\\/uploads\\\/2023\\\/12\\\/wueste2.jpg\",\"datePublished\":\"2023-10-19T13:18:30+00:00\",\"dateModified\":\"2024-03-05T12:22:39+00:00\",\"breadcrumb\":{\"@id\":\"https:\\\/\\\/moroccotravelbe.com\\\/ueber\\\/kundenstimmen\\\/#breadcrumb\"},\"inLanguage\":\"en-GB\",\"potentialAction\":[{\"@type\":\"ReadAction\",\"target\":[\"https:\\\/\\\/moroccotravelbe.com\\\/ueber\\\/kundenstimmen\\\/\"]}]},{\"@type\":\"ImageObject\",\"inLanguage\":\"en-GB\",\"@id\":\"https:\\\/\\\/moroccotravelbe.com\\\/ueber\\\/kundenstimmen\\\/#primaryimage\",\"url\":\"https:\\\/\\\/moroccotravelbe.com\\\/wp-content\\\/uploads\\\/2023\\\/12\\\/wueste2.jpg\",\"contentUrl\":\"https:\\\/\\\/moroccotravelbe.com\\\/wp-content\\\/uploads\\\/2023\\\/12\\\/wueste2.jpg\"},{\"@type\":\"BreadcrumbList\",\"@id\":\"https:\\\/\\\/moroccotravelbe.com\\\/ueber\\\/kundenstimmen\\\/#breadcrumb\",\"itemListElement\":[{\"@type\":\"ListItem\",\"position\":1,\"name\":\"home\",\"item\":\"https:\\\/\\\/moroccotravelbe.com\\\/\"},{\"@type\":\"ListItem\",\"position\":2,\"name\":\"\u00fcber\",\"item\":\"https:\\\/\\\/moroccotravelbe.com\\\/ueber\\\/\"},{\"@type\":\"ListItem\",\"position\":3,\"name\":\"Kundenstimmen\"}]},{\"@type\":\"WebSite\",\"@id\":\"https:\\\/\\\/moroccotravelbe.com\\\/#website\",\"url\":\"https:\\\/\\\/moroccotravelbe.com\\\/\",\"name\":\"moroccotravelbe\",\"description\":\"W\u00fcstentrekkings &amp; Reisen in Marokko\",\"potentialAction\":[{\"@type\":\"SearchAction\",\"target\":{\"@type\":\"EntryPoint\",\"urlTemplate\":\"https:\\\/\\\/moroccotravelbe.com\\\/?s={search_term_string}\"},\"query-input\":{\"@type\":\"PropertyValueSpecification\",\"valueRequired\":true,\"valueName\":\"search_term_string\"}}],\"inLanguage\":\"en-GB\"}]}<\/script>\n<!-- \/ Yoast SEO plugin. -->","yoast_head_json":{"title":"Kundenstimmen - moroccotravelbe","robots":{"index":"index","follow":"follow","max-snippet":"max-snippet:-1","max-image-preview":"max-image-preview:large","max-video-preview":"max-video-preview:-1"},"canonical":"https:\/\/moroccotravelbe.com\/en\/ueber\/kundenstimmen\/","og_locale":"en_GB","og_type":"article","og_title":"Kundenstimmen - moroccotravelbe","og_description":"Reiseberichte Was sagen unsere Kunden? Hier kannst du einige Berichte lesen.\u00a0 Gruppenreise \/\/ Oktober 2023 W\u00fcstentrekking als Famile von Stephanie Wir sind wirklich froh dass wir diese Reise mit Tanja und Moha gemacht haben. Es war ein wundersch\u00f6nes, abenteuerliches Erlebnis f\u00fcr uns. So ganz anders als unsere bisherigen Urlaube und wir schw\u00e4rmen noch immer davon.&hellip;","og_url":"https:\/\/moroccotravelbe.com\/en\/ueber\/kundenstimmen\/","og_site_name":"moroccotravelbe","article_modified_time":"2024-03-05T12:22:39+00:00","og_image":[{"url":"https:\/\/moroccotravelbe.com\/wp-content\/uploads\/2023\/12\/wueste2.jpg","type":"","width":"","height":""}],"twitter_card":"summary_large_image","twitter_misc":{"Estimated reading time":"2 minutes"},"schema":{"@context":"https:\/\/schema.org","@graph":[{"@type":"WebPage","@id":"https:\/\/moroccotravelbe.com\/ueber\/kundenstimmen\/","url":"https:\/\/moroccotravelbe.com\/ueber\/kundenstimmen\/","name":"Kundenstimmen - moroccotravelbe","isPartOf":{"@id":"https:\/\/moroccotravelbe.com\/#website"},"primaryImageOfPage":{"@id":"https:\/\/moroccotravelbe.com\/ueber\/kundenstimmen\/#primaryimage"},"image":{"@id":"https:\/\/moroccotravelbe.com\/ueber\/kundenstimmen\/#primaryimage"},"thumbnailUrl":"https:\/\/moroccotravelbe.com\/wp-content\/uploads\/2023\/12\/wueste2.jpg","datePublished":"2023-10-19T13:18:30+00:00","dateModified":"2024-03-05T12:22:39+00:00","breadcrumb":{"@id":"https:\/\/moroccotravelbe.com\/ueber\/kundenstimmen\/#breadcrumb"},"inLanguage":"en-GB","potentialAction":[{"@type":"ReadAction","target":["https:\/\/moroccotravelbe.com\/ueber\/kundenstimmen\/"]}]},{"@type":"ImageObject","inLanguage":"en-GB","@id":"https:\/\/moroccotravelbe.com\/ueber\/kundenstimmen\/#primaryimage","url":"https:\/\/moroccotravelbe.com\/wp-content\/uploads\/2023\/12\/wueste2.jpg","contentUrl":"https:\/\/moroccotravelbe.com\/wp-content\/uploads\/2023\/12\/wueste2.jpg"},{"@type":"BreadcrumbList","@id":"https:\/\/moroccotravelbe.com\/ueber\/kundenstimmen\/#breadcrumb","itemListElement":[{"@type":"ListItem","position":1,"name":"home","item":"https:\/\/moroccotravelbe.com\/"},{"@type":"ListItem","position":2,"name":"\u00fcber","item":"https:\/\/moroccotravelbe.com\/ueber\/"},{"@type":"ListItem","position":3,"name":"Kundenstimmen"}]},{"@type":"WebSite","@id":"https:\/\/moroccotravelbe.com\/#website","url":"https:\/\/moroccotravelbe.com\/","name":"moroccotravelbe","description":"W\u00fcstentrekkings &amp; Reisen in Marokko","potentialAction":[{"@type":"SearchAction","target":{"@type":"EntryPoint","urlTemplate":"https:\/\/moroccotravelbe.com\/?s={search_term_string}"},"query-input":{"@type":"PropertyValueSpecification","valueRequired":true,"valueName":"search_term_string"}}],"inLanguage":"en-GB"}]}},"_links":{"self":[{"href":"https:\/\/moroccotravelbe.com\/en\/wp-json\/wp\/v2\/pages\/618","targetHints":{"allow":["GET"]}}],"collection":[{"href":"https:\/\/moroccotravelbe.com\/en\/wp-json\/wp\/v2\/pages"}],"about":[{"href":"https:\/\/moroccotravelbe.com\/en\/wp-json\/wp\/v2\/types\/page"}],"author":[{"embeddable":true,"href":"https:\/\/moroccotravelbe.com\/en\/wp-json\/wp\/v2\/users\/1"}],"replies":[{"embeddable":true,"href":"https:\/\/moroccotravelbe.com\/en\/wp-json\/wp\/v2\/comments?post=618"}],"version-history":[{"count":5,"href":"https:\/\/moroccotravelbe.com\/en\/wp-json\/wp\/v2\/pages\/618\/revisions"}],"predecessor-version":[{"id":1102,"href":"https:\/\/moroccotravelbe.com\/en\/wp-json\/wp\/v2\/pages\/618\/revisions\/1102"}],"up":[{"embeddable":true,"href":"https:\/\/moroccotravelbe.com\/en\/wp-json\/wp\/v2\/pages\/108"}],"wp:attachment":[{"href":"https:\/\/moroccotravelbe.com\/en\/wp-json\/wp\/v2\/media?parent=618"}],"curies":[{"name":"wp","href":"https:\/\/api.w.org\/{rel}","templated":true}]}}