{"id":84,"date":"2023-06-07T14:41:20","date_gmt":"2023-06-07T14:41:20","guid":{"rendered":"https:\/\/moroccotravelbe.com\/?page_id=84"},"modified":"2025-04-21T17:59:17","modified_gmt":"2025-04-21T17:59:17","slug":"kontaktaufnahme","status":"publish","type":"page","link":"https:\/\/moroccotravelbe.com\/en\/kontaktaufnahme\/","title":{"rendered":"contact"},"content":{"rendered":"\n\n\t\t<h1>\n\t\t\tKontakt\n\t\t<\/h1>\n\t\t\t<p>Wir freuen uns, dass Du Interesse an unseren Reisen nach Marokko hast. Hier hast Du die M\u00f6glichkeit, mit uns in Verbindung zu treten und weitere Informationen zu erhalten. Wir stehen Dir gerne zur Verf\u00fcgung, um Deine Fragen zu beantworten, individuelle Reisew\u00fcnsche zu besprechen oder Dir bei der Planung Deines unvergesslichen Marokko-Abenteuers behilflich zu sein. Z\u00f6gere nicht, uns zu kontaktieren &#8211; wir sind hier, um Dir zu helfen und Deine Reisetr\u00e4ume wahr werden zu lassen.<\/p>\t\t\n    <form id=\"wpforms-form-534\" data-formid=\"534\" method=\"post\" enctype=\"multipart\/form-data\" action=\"\/?page_id=84&#038;fl_builder\" data-token=\"54f90cb19205c700a7d9c7d9c0f88717\" data-token-time=\"1725269717\">Bitte aktiviere JavaScript in deinem Browser, um dieses Formular fertigzustellen.Bitte aktiviere JavaScript in deinem Browser, um dieses Formular fertigzustellen.<fieldset><legend aria-hidden=\"false\">Name *<\/legend><input type=\"text\" id=\"wpforms-534-field_1\" name=\"wpforms[fields][1][first]\" placeholder=\"Vorname\" aria-errormessage=\"wpforms-534-field_1-error\" required\/><label for=\"wpforms-534-field_1\">Vorname<\/label><input type=\"text\" id=\"wpforms-534-field_1-last\" name=\"wpforms[fields][1][last]\" placeholder=\"Nachname\" aria-errormessage=\"wpforms-534-field_1-last-error\" required\/><label for=\"wpforms-534-field_1-last\">Nachname<\/label><\/fieldset><label for=\"wpforms-534-field_3\" aria-hidden=\"false\">Telefonnummer *<\/label><input type=\"number\" id=\"wpforms-534-field_3\" name=\"wpforms[fields][3]\" placeholder=\"Telefonnummer\" aria-errormessage=\"wpforms-534-field_3-error\" required\/><label for=\"wpforms-534-field_2\" aria-hidden=\"false\">E-Mail *<\/label><input type=\"email\" id=\"wpforms-534-field_2\" name=\"wpforms[fields][2]\" placeholder=\"E-Mail\" spellcheck=\"false\" aria-errormessage=\"wpforms-534-field_2-error\" required\/><fieldset><legend>Ich habe Interesse an<\/legend><ul id=\"wpforms-534-field_9\"><li><input type=\"checkbox\" id=\"wpforms-534-field_9_1\" name=\"wpforms[fields][9][]\" value=\"Sahara Trekking\" aria-errormessage=\"wpforms-534-field_9_1-error\"\/><label for=\"wpforms-534-field_9_1\">Sahara Trekking<\/label><\/li><li><input type=\"checkbox\" id=\"wpforms-534-field_9_2\" name=\"wpforms[fields][9][]\" value=\"Atlas Trekking\" aria-errormessage=\"wpforms-534-field_9_2-error\"\/><label for=\"wpforms-534-field_9_2\">Atlas Trekking<\/label><\/li><li><input type=\"checkbox\" id=\"wpforms-534-field_9_3\" name=\"wpforms[fields][9][]\" value=\"Rundreise\" aria-errormessage=\"wpforms-534-field_9_3-error\"\/><label for=\"wpforms-534-field_9_3\">Rundreise<\/label><\/li><li><input type=\"checkbox\" id=\"wpforms-534-field_9_6\" name=\"wpforms[fields][9][]\" value=\"Gruppenreise Fr\u00fchjahr &#039;24\" aria-errormessage=\"wpforms-534-field_9_6-error\"\/><label for=\"wpforms-534-field_9_6\">Gruppenreise Fr\u00fchjahr &#8217;24<\/label><\/li><li><input type=\"checkbox\" id=\"wpforms-534-field_9_7\" name=\"wpforms[fields][9][]\" value=\"Gruppenreise Herbst &#039;24\" aria-errormessage=\"wpforms-534-field_9_7-error\"\/><label for=\"wpforms-534-field_9_7\">Gruppenreise Herbst &#8217;24<\/label><\/li><li><input type=\"checkbox\" id=\"wpforms-534-field_9_4\" name=\"wpforms[fields][9][]\" value=\"Individuelle Reise\" aria-errormessage=\"wpforms-534-field_9_4-error\"\/><label for=\"wpforms-534-field_9_4\">Individuelle Reise<\/label><\/li><li><input type=\"checkbox\" id=\"wpforms-534-field_9_8\" name=\"wpforms[fields][9][]\" value=\"Extras\" aria-errormessage=\"wpforms-534-field_9_8-error\"\/><label for=\"wpforms-534-field_9_8\">Extras<\/label><\/li><li><input type=\"checkbox\" id=\"wpforms-534-field_9_9\" name=\"wpforms[fields][9][]\" value=\"Allgemeine Frage\" aria-errormessage=\"wpforms-534-field_9_9-error\"\/><label for=\"wpforms-534-field_9_9\">Allgemeine Frage<\/label><\/li><\/ul><\/fieldset><label for=\"wpforms-534-field_8\">Mein Anliegen<\/label><textarea id=\"wpforms-534-field_8\" name=\"wpforms[fields][8]\" aria-errormessage=\"wpforms-534-field_8-error\"><\/textarea><fieldset><legend>AGB *<\/legend><ul id=\"wpforms-534-field_11\"><li><input type=\"checkbox\" id=\"wpforms-534-field_11_1\" name=\"wpforms[fields][11][]\" value=\"Ich habe die &lt;a target=&quot;blank&quot; href=&quot;https:\/\/moroccotravelbe.com\/abg\/&quot;&gt; AGB &lt;\/a&gt; gelesen und akzeptiere die Bedingungen\" aria-errormessage=\"wpforms-534-field_11_1-error\" required\/><label for=\"wpforms-534-field_11_1\">Ich habe die <a target=\"blank\" href=\"https:\/\/moroccotravelbe.com\/abg\/\" rel=\"noopener\"> AGB <\/a> gelesen und akzeptiere die Bedingungen<\/label><\/li><\/ul><\/fieldset><!-- .wpforms-field-container --><input type=\"hidden\" name=\"wpforms[id]\" value=\"534\"\/>\t\t\t<input type=\"hidden\"\n\t\t\t\tname=\"wpforms[nonce]\"\n\t\t\t\tvalue=\"110f1dd586\"\n\t\t\t\/>\n\t\t\t<input type=\"hidden\" name=\"page_title\" value=\"kontakt\"\/><input type=\"hidden\" name=\"page_url\" value=\"https:\/\/moroccotravelbe.com\/?page_id=84&#038;fl_builder\"\/><input type=\"hidden\" name=\"page_id\" value=\"84\"\/><input type=\"hidden\" name=\"wpforms[post_id]\" value=\"84\"\/><button type=\"submit\" name=\"wpforms[submit]\" id=\"wpforms-submit-534\" data-alt-text=\"Senden&#8230;\" data-submit-text=\"Absenden\" aria-live=\"assertive\" value=\"wpforms-submit\">Absenden<\/button><img loading=\"lazy\" decoding=\"async\" src=\"https:\/\/moroccotravelbe.com\/wp-content\/plugins\/wpforms-lite\/assets\/images\/submit-spin.svg\" width=\"26\" height=\"26\" alt=\"Wird geladen\"\/><\/form>  <!-- .wpforms-container -->\n\t\t<h1>\n\t\t\tKomm mit uns auf ein Abenteuer in der W\u00fcste.\n\t\t\t\t\t\t\t\t\t\t\tErlebe die Stille. Erlebe die Weite.\n\t\t<\/h1>\n\n","protected":false},"excerpt":{"rendered":"<p>Kontakt Wir freuen uns, dass Du Interesse an unseren Reisen nach Marokko hast. Hier hast Du die M\u00f6glichkeit, mit uns in Verbindung zu treten und weitere Informationen zu erhalten. Wir stehen Dir gerne zur Verf\u00fcgung, um Deine Fragen zu beantworten, individuelle Reisew\u00fcnsche zu besprechen oder Dir bei der Planung Deines unvergesslichen Marokko-Abenteuers behilflich zu sein.&hellip;<\/p>","protected":false},"author":1,"featured_media":1015,"parent":0,"menu_order":0,"comment_status":"closed","ping_status":"closed","template":"","meta":{"footnotes":""},"class_list":["post-84","page","type-page","status-publish","has-post-thumbnail","hentry"],"yoast_head":"<!-- This site is optimized with the Yoast SEO plugin v27.4 - https:\/\/yoast.com\/product\/yoast-seo-wordpress\/ -->\n<title>kontakt - moroccotravelbe<\/title>\n<meta name=\"description\" content=\"Wir stehen Dir gerne zur Verf\u00fcgung, um Deine Fragen zu unseren Angeboten oder deine individuellen Reisew\u00fcnsche zu besprechen .\" \/>\n<meta name=\"robots\" content=\"index, follow, max-snippet:-1, max-image-preview:large, max-video-preview:-1\" \/>\n<link rel=\"canonical\" href=\"https:\/\/moroccotravelbe.com\/en\/kontaktaufnahme\/\" \/>\n<meta property=\"og:locale\" content=\"en_GB\" \/>\n<meta property=\"og:type\" content=\"article\" \/>\n<meta property=\"og:title\" content=\"kontakt - moroccotravelbe\" \/>\n<meta property=\"og:description\" content=\"Wir stehen Dir gerne zur Verf\u00fcgung, um Deine Fragen zu unseren Angeboten oder deine individuellen Reisew\u00fcnsche zu besprechen .\" \/>\n<meta property=\"og:url\" content=\"https:\/\/moroccotravelbe.com\/en\/kontaktaufnahme\/\" \/>\n<meta property=\"og:site_name\" content=\"moroccotravelbe\" \/>\n<meta property=\"article:modified_time\" content=\"2025-04-21T17:59:17+00:00\" \/>\n<meta property=\"og:image\" content=\"https:\/\/moroccotravelbe.com\/wp-content\/uploads\/2023\/12\/moroccotravelbe_tanja-moha.jpeg\" \/>\n\t<meta property=\"og:image:width\" content=\"1600\" \/>\n\t<meta property=\"og:image:height\" content=\"1066\" \/>\n\t<meta property=\"og:image:type\" content=\"image\/jpeg\" \/>\n<meta name=\"twitter:card\" content=\"summary_large_image\" \/>\n<meta name=\"twitter:label1\" content=\"Estimated reading time\" \/>\n\t<meta name=\"twitter:data1\" content=\"1 minute\" \/>\n<script type=\"application\/ld+json\" class=\"yoast-schema-graph\">{\"@context\":\"https:\\\/\\\/schema.org\",\"@graph\":[{\"@type\":\"WebPage\",\"@id\":\"https:\\\/\\\/moroccotravelbe.com\\\/kontaktaufnahme\\\/\",\"url\":\"https:\\\/\\\/moroccotravelbe.com\\\/kontaktaufnahme\\\/\",\"name\":\"kontakt - moroccotravelbe\",\"isPartOf\":{\"@id\":\"https:\\\/\\\/moroccotravelbe.com\\\/#website\"},\"primaryImageOfPage\":{\"@id\":\"https:\\\/\\\/moroccotravelbe.com\\\/kontaktaufnahme\\\/#primaryimage\"},\"image\":{\"@id\":\"https:\\\/\\\/moroccotravelbe.com\\\/kontaktaufnahme\\\/#primaryimage\"},\"thumbnailUrl\":\"https:\\\/\\\/moroccotravelbe.com\\\/wp-content\\\/uploads\\\/2023\\\/12\\\/moroccotravelbe_tanja-moha.jpeg\",\"datePublished\":\"2023-06-07T14:41:20+00:00\",\"dateModified\":\"2025-04-21T17:59:17+00:00\",\"description\":\"Wir stehen Dir gerne zur Verf\u00fcgung, um Deine Fragen zu unseren Angeboten oder deine individuellen Reisew\u00fcnsche zu besprechen .\",\"breadcrumb\":{\"@id\":\"https:\\\/\\\/moroccotravelbe.com\\\/kontaktaufnahme\\\/#breadcrumb\"},\"inLanguage\":\"en-GB\",\"potentialAction\":[{\"@type\":\"ReadAction\",\"target\":[\"https:\\\/\\\/moroccotravelbe.com\\\/kontaktaufnahme\\\/\"]}]},{\"@type\":\"ImageObject\",\"inLanguage\":\"en-GB\",\"@id\":\"https:\\\/\\\/moroccotravelbe.com\\\/kontaktaufnahme\\\/#primaryimage\",\"url\":\"https:\\\/\\\/moroccotravelbe.com\\\/wp-content\\\/uploads\\\/2023\\\/12\\\/moroccotravelbe_tanja-moha.jpeg\",\"contentUrl\":\"https:\\\/\\\/moroccotravelbe.com\\\/wp-content\\\/uploads\\\/2023\\\/12\\\/moroccotravelbe_tanja-moha.jpeg\",\"width\":1600,\"height\":1066},{\"@type\":\"BreadcrumbList\",\"@id\":\"https:\\\/\\\/moroccotravelbe.com\\\/kontaktaufnahme\\\/#breadcrumb\",\"itemListElement\":[{\"@type\":\"ListItem\",\"position\":1,\"name\":\"home\",\"item\":\"https:\\\/\\\/moroccotravelbe.com\\\/\"},{\"@type\":\"ListItem\",\"position\":2,\"name\":\"kontakt\"}]},{\"@type\":\"WebSite\",\"@id\":\"https:\\\/\\\/moroccotravelbe.com\\\/#website\",\"url\":\"https:\\\/\\\/moroccotravelbe.com\\\/\",\"name\":\"moroccotravelbe\",\"description\":\"W\u00fcstentrekkings &amp; Reisen in Marokko\",\"potentialAction\":[{\"@type\":\"SearchAction\",\"target\":{\"@type\":\"EntryPoint\",\"urlTemplate\":\"https:\\\/\\\/moroccotravelbe.com\\\/?s={search_term_string}\"},\"query-input\":{\"@type\":\"PropertyValueSpecification\",\"valueRequired\":true,\"valueName\":\"search_term_string\"}}],\"inLanguage\":\"en-GB\"}]}<\/script>\n<!-- \/ Yoast SEO plugin. -->","yoast_head_json":{"title":"kontakt - moroccotravelbe","description":"Wir stehen Dir gerne zur Verf\u00fcgung, um Deine Fragen zu unseren Angeboten oder deine individuellen Reisew\u00fcnsche zu besprechen .","robots":{"index":"index","follow":"follow","max-snippet":"max-snippet:-1","max-image-preview":"max-image-preview:large","max-video-preview":"max-video-preview:-1"},"canonical":"https:\/\/moroccotravelbe.com\/en\/kontaktaufnahme\/","og_locale":"en_GB","og_type":"article","og_title":"kontakt - moroccotravelbe","og_description":"Wir stehen Dir gerne zur Verf\u00fcgung, um Deine Fragen zu unseren Angeboten oder deine individuellen Reisew\u00fcnsche zu besprechen .","og_url":"https:\/\/moroccotravelbe.com\/en\/kontaktaufnahme\/","og_site_name":"moroccotravelbe","article_modified_time":"2025-04-21T17:59:17+00:00","og_image":[{"width":1600,"height":1066,"url":"https:\/\/moroccotravelbe.com\/wp-content\/uploads\/2023\/12\/moroccotravelbe_tanja-moha.jpeg","type":"image\/jpeg"}],"twitter_card":"summary_large_image","twitter_misc":{"Estimated reading time":"1 minute"},"schema":{"@context":"https:\/\/schema.org","@graph":[{"@type":"WebPage","@id":"https:\/\/moroccotravelbe.com\/kontaktaufnahme\/","url":"https:\/\/moroccotravelbe.com\/kontaktaufnahme\/","name":"kontakt - moroccotravelbe","isPartOf":{"@id":"https:\/\/moroccotravelbe.com\/#website"},"primaryImageOfPage":{"@id":"https:\/\/moroccotravelbe.com\/kontaktaufnahme\/#primaryimage"},"image":{"@id":"https:\/\/moroccotravelbe.com\/kontaktaufnahme\/#primaryimage"},"thumbnailUrl":"https:\/\/moroccotravelbe.com\/wp-content\/uploads\/2023\/12\/moroccotravelbe_tanja-moha.jpeg","datePublished":"2023-06-07T14:41:20+00:00","dateModified":"2025-04-21T17:59:17+00:00","description":"Wir stehen Dir gerne zur Verf\u00fcgung, um Deine Fragen zu unseren Angeboten oder deine individuellen Reisew\u00fcnsche zu besprechen .","breadcrumb":{"@id":"https:\/\/moroccotravelbe.com\/kontaktaufnahme\/#breadcrumb"},"inLanguage":"en-GB","potentialAction":[{"@type":"ReadAction","target":["https:\/\/moroccotravelbe.com\/kontaktaufnahme\/"]}]},{"@type":"ImageObject","inLanguage":"en-GB","@id":"https:\/\/moroccotravelbe.com\/kontaktaufnahme\/#primaryimage","url":"https:\/\/moroccotravelbe.com\/wp-content\/uploads\/2023\/12\/moroccotravelbe_tanja-moha.jpeg","contentUrl":"https:\/\/moroccotravelbe.com\/wp-content\/uploads\/2023\/12\/moroccotravelbe_tanja-moha.jpeg","width":1600,"height":1066},{"@type":"BreadcrumbList","@id":"https:\/\/moroccotravelbe.com\/kontaktaufnahme\/#breadcrumb","itemListElement":[{"@type":"ListItem","position":1,"name":"home","item":"https:\/\/moroccotravelbe.com\/"},{"@type":"ListItem","position":2,"name":"kontakt"}]},{"@type":"WebSite","@id":"https:\/\/moroccotravelbe.com\/#website","url":"https:\/\/moroccotravelbe.com\/","name":"moroccotravelbe","description":"W\u00fcstentrekkings &amp; Reisen in Marokko","potentialAction":[{"@type":"SearchAction","target":{"@type":"EntryPoint","urlTemplate":"https:\/\/moroccotravelbe.com\/?s={search_term_string}"},"query-input":{"@type":"PropertyValueSpecification","valueRequired":true,"valueName":"search_term_string"}}],"inLanguage":"en-GB"}]}},"_links":{"self":[{"href":"https:\/\/moroccotravelbe.com\/en\/wp-json\/wp\/v2\/pages\/84","targetHints":{"allow":["GET"]}}],"collection":[{"href":"https:\/\/moroccotravelbe.com\/en\/wp-json\/wp\/v2\/pages"}],"about":[{"href":"https:\/\/moroccotravelbe.com\/en\/wp-json\/wp\/v2\/types\/page"}],"author":[{"embeddable":true,"href":"https:\/\/moroccotravelbe.com\/en\/wp-json\/wp\/v2\/users\/1"}],"replies":[{"embeddable":true,"href":"https:\/\/moroccotravelbe.com\/en\/wp-json\/wp\/v2\/comments?post=84"}],"version-history":[{"count":5,"href":"https:\/\/moroccotravelbe.com\/en\/wp-json\/wp\/v2\/pages\/84\/revisions"}],"predecessor-version":[{"id":1191,"href":"https:\/\/moroccotravelbe.com\/en\/wp-json\/wp\/v2\/pages\/84\/revisions\/1191"}],"wp:featuredmedia":[{"embeddable":true,"href":"https:\/\/moroccotravelbe.com\/en\/wp-json\/wp\/v2\/media\/1015"}],"wp:attachment":[{"href":"https:\/\/moroccotravelbe.com\/en\/wp-json\/wp\/v2\/media?parent=84"}],"curies":[{"name":"wp","href":"https:\/\/api.w.org\/{rel}","templated":true}]}}