{"id":944,"date":"2023-12-22T08:31:10","date_gmt":"2023-12-22T08:31:10","guid":{"rendered":"https:\/\/moroccotravelbe.com\/?page_id=944"},"modified":"2023-12-22T08:38:16","modified_gmt":"2023-12-22T08:38:16","slug":"abg","status":"publish","type":"page","link":"https:\/\/moroccotravelbe.com\/en\/abg\/","title":{"rendered":"ABG"},"content":{"rendered":"<h1>\n\t\t\tTerms and Conditions\n\t\t<\/h1>\n\t\t\t<h3>Booking, deposit &amp; balance<\/h3><p>You can book a trekking or tour with morocco travel be via our contact form, by phone or by e-mail. As soon as we have confirmed the tour in writing, a deposit of 25% of the total price is due.<br \/>Wir informieren dich schriftlich \u00fcber die Zahlungsdetails f\u00fcr die Anzahlung und den Restbetrag, sobald die Verf\u00fcgbarkeit best\u00e4tigt ist. Bei Gruppenbuchungen (ab 10 Personen) gelten besondere Buchungsbedingungen &#8211; f\u00fcr n\u00e4here Informationen nimm bitte Kontakt mit uns auf.Du kannst den Restbetrag entweder im Monat vor deiner Reise im Voraus bezahlen oder direkt \u00fcber deinen Tourfahrer\/-f\u00fchrer begleichen. Lass uns bitte wissen, welche Option du bevorzugst. F\u00fcr Gruppen ab 10 Personen gelten besondere Bedingungen.Bei kurzfristigen Buchungen ben\u00f6tigen wir eine Anzahlung als Vertrauensbeweis.<h3>Cancellation conditions, refunds &amp; contingencies<\/h3>If you wish to cancel a tour, please notify us in writing. Cancellation will take effect from the date we receive your notification. The following cancellation fees apply:<br \/>Cancellation 30 days or more before the start date: loss of deposit.<ul><li>Cancellation between 29 and 10 days before the start date: 75% of the total price of the tour.<\/li><li>Cancellation less than 10 days before the start date: 100% of the total price of the tour.<\/li><\/ul>Stornogeb\u00fchren sollten durch deine Versicherung abgedeckt sein. Bitte kl\u00e4re dies mit deinem Versicherungsanbieter.Stornierung oder \u00c4nderungen seitens unseres Unternehmens k\u00f6nnen bedeuten, dass gelegentliche, unvorhergesehene Anpassungen an der geplanten Tour erforderlich sind, beispielsweise aufgrund widriger Wetter- oder Stra\u00dfenbedingungen, die au\u00dferhalb unserer Kontrolle liegen. Wir informieren dich so schnell wie m\u00f6glich \u00fcber solche \u00c4nderungen, die im Interesse der Sicherheit unserer Kunden vorgenommen werden. Wir \u00fcbernehmen jedoch keine Verantwortung f\u00fcr derartige \u00c4nderungen.Sollten solche widrigen Bedingungen zus\u00e4tzliche Kosten f\u00fcr Unterkunft, Transport, Verpflegung usw. f\u00fcr die Kunden verursachen, werden diese Kosten vom Kunden, nicht von uns, getragen.Wir k\u00f6nnen gezwungen sein, eine Tour aufgrund von Umst\u00e4nden au\u00dferhalb unserer Kontrolle (&#8222;h\u00f6here Gewalt&#8220;) abzusagen. In diesem Fall hast du Anspruch auf eine R\u00fcckerstattung abz\u00fcglich bereits entstandener Kosten. Es steht dir keine weitere Entsch\u00e4digung von uns zu. Falls wir die Tour aus einem anderen Grund als &#8222;h\u00f6here Gewalt&#8220; absagen, erh\u00e4ltst du eine vollst\u00e4ndige R\u00fcckerstattung. Wir behalten uns das Recht vor, unsere Preise jederzeit zu \u00e4ndern.<h3>Travel insurance<\/h3>Travel insurance is a requirement for bookings with us. You must be adequately covered by comprehensive travel insurance that also covers medical emergencies and helicopter rescue\/evacuation costs. It is your responsibility to check that all adventure sports (e.g. camel back trekking, desert trekking on foot, high altitude mountain trekking on foot, horse riding, mule riding, water sports, sandboarding\/dune boarding) that you undertake on your tour are covered by your policy.<h3>Personal responsibility &amp; duty to provide information<\/h3><ul><li>You are obliged to bring your own medication and personal first aid equipment.<\/li><li>You must notify us in writing of any disability or medical condition that currently or in the past may affect your ability to participate in a tour with us.<\/li><li>You accept at your own risk and understand the inherent risks of outdoor and adventure travel.<\/li><li>You take on your own risk and understand the risks associated with outdoor and adventure travel.<\/li><li>You are responsible for the safekeeping of your personal belongings and travel documents during the tour.<\/li><\/ul><h3>General information<\/h3>Du akzeptierst die Buchung bei uns mit dem Verst\u00e4ndnis, dass m\u00f6gliche \u00c4nderungen\/Verz\u00f6gerungen aufgrund von Umst\u00e4nden auftreten k\u00f6nnen, die au\u00dferhalb unserer Kontrolle liegen, wof\u00fcr wir keine Verantwortung \u00fcbernehmen (wie oben erw\u00e4hnt).Du akzeptierst und stimmst zu, dass du die oben genannten Gesch\u00e4ftsbedingungen gelesen hast und dich damit einverstanden erkl\u00e4rst.<\/p>","protected":false},"excerpt":{"rendered":"<p>AGB Buchung, Anzahlung &amp; Restbetrag Du kannst ein Trekking oder eine Tour bei morocco travel be \u00fcber unser Kontaktformular, telefonisch oder per E-Mail buchen. Sobald wir die Tour schriftlich best\u00e4tigt haben, ist eine Anzahlung von 25% des Gesamtpreises f\u00e4llig.Wir informieren dich schriftlich \u00fcber die Zahlungsdetails f\u00fcr die Anzahlung und den Restbetrag, sobald die Verf\u00fcgbarkeit best\u00e4tigt&hellip;<\/p>","protected":false},"author":1,"featured_media":0,"parent":0,"menu_order":0,"comment_status":"closed","ping_status":"closed","template":"","meta":{"footnotes":""},"class_list":["post-944","page","type-page","status-publish","hentry"],"yoast_head":"<!-- This site is optimized with the Yoast SEO plugin v27.4 - https:\/\/yoast.com\/product\/yoast-seo-wordpress\/ -->\n<title>ABG - moroccotravelbe<\/title>\n<meta name=\"robots\" content=\"index, follow, max-snippet:-1, max-image-preview:large, max-video-preview:-1\" \/>\n<link rel=\"canonical\" href=\"https:\/\/moroccotravelbe.com\/en\/abg\/\" \/>\n<meta property=\"og:locale\" content=\"en_GB\" \/>\n<meta property=\"og:type\" content=\"article\" \/>\n<meta property=\"og:title\" content=\"ABG - moroccotravelbe\" \/>\n<meta property=\"og:description\" content=\"AGB Buchung, Anzahlung &amp; Restbetrag Du kannst ein Trekking oder eine Tour bei morocco travel be \u00fcber unser Kontaktformular, telefonisch oder per E-Mail buchen. Sobald wir die Tour schriftlich best\u00e4tigt haben, ist eine Anzahlung von 25% des Gesamtpreises f\u00e4llig.Wir informieren dich schriftlich \u00fcber die Zahlungsdetails f\u00fcr die Anzahlung und den Restbetrag, sobald die Verf\u00fcgbarkeit best\u00e4tigt&hellip;\" \/>\n<meta property=\"og:url\" content=\"https:\/\/moroccotravelbe.com\/en\/abg\/\" \/>\n<meta property=\"og:site_name\" content=\"moroccotravelbe\" \/>\n<meta property=\"article:modified_time\" content=\"2023-12-22T08:38:16+00:00\" \/>\n<meta name=\"twitter:card\" content=\"summary_large_image\" \/>\n<script type=\"application\/ld+json\" class=\"yoast-schema-graph\">{\"@context\":\"https:\\\/\\\/schema.org\",\"@graph\":[{\"@type\":\"WebPage\",\"@id\":\"https:\\\/\\\/moroccotravelbe.com\\\/abg\\\/\",\"url\":\"https:\\\/\\\/moroccotravelbe.com\\\/abg\\\/\",\"name\":\"ABG - moroccotravelbe\",\"isPartOf\":{\"@id\":\"https:\\\/\\\/moroccotravelbe.com\\\/#website\"},\"datePublished\":\"2023-12-22T08:31:10+00:00\",\"dateModified\":\"2023-12-22T08:38:16+00:00\",\"breadcrumb\":{\"@id\":\"https:\\\/\\\/moroccotravelbe.com\\\/abg\\\/#breadcrumb\"},\"inLanguage\":\"en-GB\",\"potentialAction\":[{\"@type\":\"ReadAction\",\"target\":[\"https:\\\/\\\/moroccotravelbe.com\\\/abg\\\/\"]}]},{\"@type\":\"BreadcrumbList\",\"@id\":\"https:\\\/\\\/moroccotravelbe.com\\\/abg\\\/#breadcrumb\",\"itemListElement\":[{\"@type\":\"ListItem\",\"position\":1,\"name\":\"home\",\"item\":\"https:\\\/\\\/moroccotravelbe.com\\\/\"},{\"@type\":\"ListItem\",\"position\":2,\"name\":\"ABG\"}]},{\"@type\":\"WebSite\",\"@id\":\"https:\\\/\\\/moroccotravelbe.com\\\/#website\",\"url\":\"https:\\\/\\\/moroccotravelbe.com\\\/\",\"name\":\"moroccotravelbe\",\"description\":\"W\u00fcstentrekkings &amp; Reisen in Marokko\",\"potentialAction\":[{\"@type\":\"SearchAction\",\"target\":{\"@type\":\"EntryPoint\",\"urlTemplate\":\"https:\\\/\\\/moroccotravelbe.com\\\/?s={search_term_string}\"},\"query-input\":{\"@type\":\"PropertyValueSpecification\",\"valueRequired\":true,\"valueName\":\"search_term_string\"}}],\"inLanguage\":\"en-GB\"}]}<\/script>\n<!-- \/ Yoast SEO plugin. -->","yoast_head_json":{"title":"ABG - moroccotravelbe","robots":{"index":"index","follow":"follow","max-snippet":"max-snippet:-1","max-image-preview":"max-image-preview:large","max-video-preview":"max-video-preview:-1"},"canonical":"https:\/\/moroccotravelbe.com\/en\/abg\/","og_locale":"en_GB","og_type":"article","og_title":"ABG - moroccotravelbe","og_description":"AGB Buchung, Anzahlung &amp; Restbetrag Du kannst ein Trekking oder eine Tour bei morocco travel be \u00fcber unser Kontaktformular, telefonisch oder per E-Mail buchen. Sobald wir die Tour schriftlich best\u00e4tigt haben, ist eine Anzahlung von 25% des Gesamtpreises f\u00e4llig.Wir informieren dich schriftlich \u00fcber die Zahlungsdetails f\u00fcr die Anzahlung und den Restbetrag, sobald die Verf\u00fcgbarkeit best\u00e4tigt&hellip;","og_url":"https:\/\/moroccotravelbe.com\/en\/abg\/","og_site_name":"moroccotravelbe","article_modified_time":"2023-12-22T08:38:16+00:00","twitter_card":"summary_large_image","schema":{"@context":"https:\/\/schema.org","@graph":[{"@type":"WebPage","@id":"https:\/\/moroccotravelbe.com\/abg\/","url":"https:\/\/moroccotravelbe.com\/abg\/","name":"ABG - moroccotravelbe","isPartOf":{"@id":"https:\/\/moroccotravelbe.com\/#website"},"datePublished":"2023-12-22T08:31:10+00:00","dateModified":"2023-12-22T08:38:16+00:00","breadcrumb":{"@id":"https:\/\/moroccotravelbe.com\/abg\/#breadcrumb"},"inLanguage":"en-GB","potentialAction":[{"@type":"ReadAction","target":["https:\/\/moroccotravelbe.com\/abg\/"]}]},{"@type":"BreadcrumbList","@id":"https:\/\/moroccotravelbe.com\/abg\/#breadcrumb","itemListElement":[{"@type":"ListItem","position":1,"name":"home","item":"https:\/\/moroccotravelbe.com\/"},{"@type":"ListItem","position":2,"name":"ABG"}]},{"@type":"WebSite","@id":"https:\/\/moroccotravelbe.com\/#website","url":"https:\/\/moroccotravelbe.com\/","name":"moroccotravelbe","description":"W\u00fcstentrekkings &amp; Reisen in Marokko","potentialAction":[{"@type":"SearchAction","target":{"@type":"EntryPoint","urlTemplate":"https:\/\/moroccotravelbe.com\/?s={search_term_string}"},"query-input":{"@type":"PropertyValueSpecification","valueRequired":true,"valueName":"search_term_string"}}],"inLanguage":"en-GB"}]}},"_links":{"self":[{"href":"https:\/\/moroccotravelbe.com\/en\/wp-json\/wp\/v2\/pages\/944","targetHints":{"allow":["GET"]}}],"collection":[{"href":"https:\/\/moroccotravelbe.com\/en\/wp-json\/wp\/v2\/pages"}],"about":[{"href":"https:\/\/moroccotravelbe.com\/en\/wp-json\/wp\/v2\/types\/page"}],"author":[{"embeddable":true,"href":"https:\/\/moroccotravelbe.com\/en\/wp-json\/wp\/v2\/users\/1"}],"replies":[{"embeddable":true,"href":"https:\/\/moroccotravelbe.com\/en\/wp-json\/wp\/v2\/comments?post=944"}],"version-history":[{"count":4,"href":"https:\/\/moroccotravelbe.com\/en\/wp-json\/wp\/v2\/pages\/944\/revisions"}],"predecessor-version":[{"id":1166,"href":"https:\/\/moroccotravelbe.com\/en\/wp-json\/wp\/v2\/pages\/944\/revisions\/1166"}],"wp:attachment":[{"href":"https:\/\/moroccotravelbe.com\/en\/wp-json\/wp\/v2\/media?parent=944"}],"curies":[{"name":"wp","href":"https:\/\/api.w.org\/{rel}","templated":true}]}}