{"id":979,"date":"2023-12-23T13:24:23","date_gmt":"2023-12-23T13:24:23","guid":{"rendered":"https:\/\/moroccotravelbe.com\/?page_id=979"},"modified":"2024-01-17T15:44:21","modified_gmt":"2024-01-17T15:44:21","slug":"datenschutzerklaerung","status":"publish","type":"page","link":"https:\/\/moroccotravelbe.com\/en\/datenschutzerklaerung\/","title":{"rendered":"Data privacy statement"},"content":{"rendered":"<h1>\n\t\t\tData privacy statement\n\t\t<\/h1>\n\t\t\t<p>With this <strong>Data privacy statement<\/strong> we inform you which personal data we collect in connection with our <strong>Activities and operations<\/strong> including our <strong>moroccotravelbe.com-Website<\/strong> bearbeiten. Wir informieren insbesondere, wof\u00fcr, wie und wo wir welche Personendaten bearbeiten. Wir informieren ausserdem \u00fcber die Rechte von Personen, deren Daten wir bearbeiten.F\u00fcr einzelne oder zus\u00e4tzliche Aktivit\u00e4ten und T\u00e4tigkeiten k\u00f6nnen weitere Datenschutzerkl\u00e4rungen sowie sonstige rechtliche Dokumente wie Allgemeine Gesch\u00e4ftsbedingungen (AGB), Nutzungsbedingungen oder Teilnahmebedingungen gelten.<h4 id=\"kontaktadressen\"><strong>1. contact addresses<\/strong><\/h4>Responsibility for the processing of personal data:<strong id=\"verantwortlicher\">Tanja Henz<\/strong><br \/>Wirtsg\u00e4ssli 2<br \/>4629 Fulenbach (CH)info@moroccotravelbe.comWir weisen darauf hin, wenn es im Einzelfall andere Verantwortliche f\u00fcr die Bearbeitung von Personendaten gibt.<h4 id=\"begriffe-rechtsgrundlagen\"><strong>2. terms and legal bases<\/strong><\/h4><h4 id=\"begriffe\">2.1 Terms<\/h4><strong>Personal data<\/strong> are <em>all<\/em> Information relating to an identified or identifiable person. A <strong>person concerned<\/strong> is a person about whom personal data is processed.<strong>Processing<\/strong> includes <em>every<\/em> Handling of personal data, <em>independent<\/em> the means and procedures used, in particular the storage, disclosure, procurement, collection, erasure, storage, modification, destruction and use of personal data.<h4 id=\"rechtsgrundlagen\">2.2 Legal basis<\/h4>We process personal data in accordance with Swiss data protection law, in particular the <a id=\"84944\" href=\"https:\/\/www.fedlex.admin.ch\/eli\/cc\/1993\/1945_1945_1945\/de\" target=\"_blank\" rel=\"nofollow noopener noreferrer\">Federal Act on Data Protection<\/a> (DSG) and the <a href=\"https:\/\/www.fedlex.admin.ch\/eli\/cc\/1993\/1962_1962_1962\/de\" target=\"_blank\" rel=\"nofollow noopener\">Ordinance to the Federal Act on Data Protection<\/a> (VDSG).\u00a0<h4 id=\"art-umfang-zweck\"><strong>3. type, scope and purpose<\/strong><\/h4>We process the personal data that <em>required<\/em> sind, um unsere Aktivit\u00e4ten und T\u00e4tigkeiten dauerhaft, nutzerfreundlich, sicher und zuverl\u00e4ssig aus\u00fcben zu k\u00f6nnen. Solche Personendaten k\u00f6nnen insbesondere in die Kategorien von Bestandes- und Kontaktdaten, Browser- und Ger\u00e4tedaten, Inhaltsdaten, Meta- bzw. Randdaten und Nutzungsdaten, Standortdaten, Verkaufsdaten sowie Vertrags- und Zahlungsdaten fallen.Wir bearbeiten Personendaten w\u00e4hrend jener <em>Duration<\/em>, die f\u00fcr den jeweiligen Zweck bzw. die jeweiligen Zwecke oder gesetzlich erforderlich ist. Personendaten, deren Bearbeitung nicht mehr erforderlich ist, werden anonymisiert oder gel\u00f6scht.Wir k\u00f6nnen Personendaten <em>through third parties<\/em> bearbeiten lassen. Wir k\u00f6nnen Personendaten gemeinsam mit Dritten bearbeiten oder an Dritte \u00fcbermitteln. Bei solchen Dritten handelt es sich insbesondere um spezialisierte Anbieter, deren Leistungen wir in Anspruch nehmen. Wir gew\u00e4hrleisten auch bei solchen Dritten den Datenschutz.Wir bearbeiten Personendaten nur nach Einwilligung der betroffenen Person, es sei denn, die Bearbeitung ist aus anderen rechtlichen Gr\u00fcnden zul\u00e4ssig. Die Bearbeitung ohne Einwilligung kann beispielsweise zul\u00e4ssig sein zur Erf\u00fcllung eines Vertrages mit der betroffenen Person und f\u00fcr entsprechende vorvertragliche Massnahmen, um unsere \u00fcberwiegenden berechtigten Interessen zu wahren, weil die Bearbeitung aus den Umst\u00e4nden ersichtlich ist oder nach vorg\u00e4ngiger Information.In diesem Rahmen bearbeiten wir insbesondere Angaben, die eine betroffene Person bei der Kontaktaufnahme\u00a0&#8211; beispielsweise per Briefpost, E-Mail, Instant Messaging, Kontaktformular, Social Media oder Telefon\u00a0&#8211; oder bei der Registrierung f\u00fcr ein Nutzerkonto <em>voluntary<\/em> an uns \u00fcbermittelt. Wir k\u00f6nnen solche Angaben beispielsweise in einem Adressbuch oder mit vergleichbaren Hilfsmitteln speichern. Wenn wir Daten \u00fcber andere Personen \u00fcbermittelt erhalten, sind die \u00fcbermittelnden Personen verpflichtet, den Datenschutz gegen\u00fcber diesen Personen zu gew\u00e4hrleisten sowie die Richtigkeit dieser Personendaten sicherzustellen.Wir bearbeiten ausserdem Personendaten, die wir von Dritten erhalten, aus \u00f6ffentlich zug\u00e4nglichen Quellen beschaffen oder bei der Aus\u00fcbung unserer Aktivit\u00e4ten und T\u00e4tigkeiten erheben, sofern und soweit eine solche Bearbeitung aus rechtlichen Gr\u00fcnden zul\u00e4ssig ist.<h4 id=\"bewerbungen\"><strong>4. applications<\/strong><\/h4>We process personal data about applicants to the extent necessary to assess their suitability for an employment relationship or for the subsequent execution of an employment contract. The required personal data results in particular from the information requested, for example in the context of a job advertisement. We also process the personal data that applicants <em>voluntary<\/em> communicate or publish, in particular as part of cover letters, CVs and other application documents as well as online profiles.<h4 id=\"ausland\"><strong>5. personal data abroad<\/strong><\/h4>We process personal data <em>in principle<\/em> in der Schweiz. Wir k\u00f6nnen Personendaten aber auch in andere Staaten bekanntgeben bzw. exportieren, insbesondere um sie dort zu bearbeiten oder bearbeiten zu lassen.Wir k\u00f6nnen Personendaten in alle <a href=\"https:\/\/de.wikipedia.org\/wiki\/Liste_der_Staaten_der_Erde#Tabelle\" target=\"_blank\" rel=\"nofollow noopener noreferrer\">States and territories on earth<\/a> and elsewhere in the <a href=\"https:\/\/de.wikipedia.org\/wiki\/Universum\" target=\"_blank\" rel=\"nofollow noopener noreferrer\">universe<\/a> provided that the law of the country in question <a href=\"https:\/\/www.edoeb.admin.ch\/edoeb\/de\/home\/datenschutz\/handel-und-wirtschaft\/uebermittlung-ins-ausland.html\" target=\"_blank\" rel=\"nofollow noopener noreferrer\">Assessment by the Federal Data Protection and Information Commissioner<\/a> (FDPIC) or according to <a href=\"https:\/\/steigerlegal.ch\/2022\/09\/10\/ndsg-schweiz-staatenliste\/\" target=\"_blank\" rel=\"nofollow noopener noreferrer\">Decision of the Swiss Federal Council<\/a> einen angemessenen Datenschutz gew\u00e4hrleistet.Wir k\u00f6nnen Personendaten in Staaten, deren Recht keinen angemessenen Datenschutz gew\u00e4hrleistet, bekanntgeben, sofern aus anderen Gr\u00fcnden ein geeigneter Datenschutz gew\u00e4hrleistet ist, beispielsweise durch entsprechende vertragliche Vereinbarungen, auf Grundlage von Standarddatenschutzklauseln oder mit anderen geeigneten Garantien. Ausnahmsweise k\u00f6nnen wir Personendaten in Staaten ohne angemessenen oder geeigneten Datenschutz exportieren, wenn daf\u00fcr die besonderen datenschutzrechtlichen Voraussetzungen erf\u00fcllt sind, beispielsweise die ausdr\u00fcckliche Einwilligung der betroffenen Personen oder ein unmittelbarer Zusammenhang mit dem Abschluss oder der Abwicklung eines Vertrages. Wir geben betroffenen Personen auf Nachfrage gerne Auskunft \u00fcber allf\u00e4llige Garantien oder liefern eine Kopie von Garantien.<h4 id=\"rechte\"><strong>6. rights of data subjects<\/strong><\/h4>Betroffene Personen, \u00fcber die wir Personendaten bearbeiten, verf\u00fcgen \u00fcber die Rechte gem\u00e4ss schweizerischem Datenschutzrecht. Dazu z\u00e4hlen das Recht auf Auskunft sowie das Recht auf Berichtigung, L\u00f6schung oder Sperrung der bearbeiteten Personendaten.Betroffene Personen, \u00fcber die wir Personendaten bearbeiten, verf\u00fcgen \u00fcber ein Beschwerderecht bei einer zust\u00e4ndigen Aufsichtsbeh\u00f6rde. Aufsichtsbeh\u00f6rde f\u00fcr den Datenschutz in der Schweiz ist der <a href=\"https:\/\/www.edoeb.admin.ch\/edoeb\/de\/home\/der-edoeb\/kontakt.html\" target=\"_blank\" rel=\"nofollow noopener noreferrer\">Federal Data Protection and Information Commissioner<\/a> (ED\u00d6B).<h4 id=\"sicherheit\"><strong>7. data security<\/strong><\/h4>Wir treffen geeignete technische und organisatorische Massnahmen, um eine dem jeweiligen Risiko angemessene Datensicherheit zu gew\u00e4hrleisten. Wir k\u00f6nnen aber keine absolute Datensicherheit gew\u00e4hrleisten.Der Zugriff auf unsere Website erfolgt mittels Transportverschl\u00fcsselung (SSL\u00a0\/ TLS, insbesondere mit dem Hypertext Transfer Protocol Secure, abgek\u00fcrzt HTTPS). Die meisten Browser kennzeichnen Transportverschl\u00fcsselung mit einem Vorh\u00e4ngeschloss in der Adressleiste.Unsere digitale Kommunikation unterliegt\u00a0&#8211; wie <em>in principle<\/em> jede digitale Kommunikation\u00a0&#8211; der Massen\u00fcberwachung ohne Anlass und Verdacht sowie sonstiger \u00dcberwachung durch Sicherheitsbeh\u00f6rden in der Schweiz, im \u00fcbrigen Europa, in den Vereinigten Staaten von Amerika (USA) und in anderen Staaten. Wir k\u00f6nnen keinen direkten Einfluss auf die entsprechende Bearbeitung von Personendaten durch Geheimdienste, Polizeistellen und andere Sicherheitsbeh\u00f6rden nehmen.<h4 id=\"website\"><strong>8. use of the website<\/strong><\/h4><h4 id=\"cookies\">8.1 Cookies<\/h4>Wir k\u00f6nnen Cookies verwenden. Bei Cookies\u00a0&#8211; eigenen Cookies (First-Party-Cookies) als auch Cookies von Dritten, deren Dienste wir nutzen (Third-Party-Cookies)\u00a0&#8211; handelt es sich um Daten, die im Browser gespeichert werden. Solche gespeicherten Daten m\u00fcssen nicht auf traditionelle Cookies in Textform beschr\u00e4nkt sein.Cookies k\u00f6nnen im Browser tempor\u00e4r als \u00abSession Cookies\u00bb oder f\u00fcr einen bestimmten Zeitraum als sogenannte permanente Cookies gespeichert werden. \u00abSession Cookies\u00bb werden automatisch gel\u00f6scht, wenn der Browser geschlossen wird. Permanente Cookies haben eine bestimmte Speicherdauer. Cookies erm\u00f6glichen insbesondere, einen Browser beim n\u00e4chsten Besuch unserer Website wiederzuerkennen und dadurch beispielsweise die Reichweite unserer Website zu messen. Permanente Cookies k\u00f6nnen aber beispielsweise auch f\u00fcr Online-Marketing verwendet werden.Cookies k\u00f6nnen in den Browser-Einstellungen jederzeit ganz oder teilweise deaktiviert sowie gel\u00f6scht werden. Ohne Cookies steht unsere Website allenfalls nicht mehr in vollem Umfang zur Verf\u00fcgung. Wir ersuchen\u00a0&#8211; mindestens sofern und soweit erforderlich\u00a0&#8211; aktiv um die ausdr\u00fcckliche Einwilligung in die Verwendung von Cookies.<h4 id=\"logdateien\">8.2 Server log files<\/h4>Wir k\u00f6nnen f\u00fcr jeden Zugriff auf unsere Website nachfolgende Angaben erfassen, sofern diese von Ihrem Browser an unsere Server-Infrastruktur \u00fcbermittelt werden oder von unserem Webserver ermittelt werden k\u00f6nnen: Datum und Zeit einschliesslich Zeitzone, Internet Protocol (IP)-Adresse, Zugriffsstatus (HTTP-Statuscode), Betriebssystem einschliesslich Benutzeroberfl\u00e4che und Version, Browser einschliesslich Sprache und Version, aufgerufene einzelne Unter-Seite unserer Website einschliesslich \u00fcbertragener Datenmenge, zuletzt im gleichen Browser-Fenster aufgerufene Webseite (Referer bzw. Referrer).Wir speichern solche Angaben, die auch Personendaten darstellen k\u00f6nnen, in Server-Logdateien. Die Angaben sind erforderlich, um unsere Website dauerhaft, nutzerfreundlich und zuverl\u00e4ssig bereitstellen sowie um die Datensicherheit und damit insbesondere den Schutz von Personendaten sicherstellen zu k\u00f6nnen &#8211; auch durch Dritte oder mit Hilfe von Dritten.<h4 id=\"zaehlpixel\">8.3 Tracking pixels<\/h4>Wir k\u00f6nnen Z\u00e4hlpixel auf unserer Website verwenden. Z\u00e4hlpixel werden auch als Web-Beacons bezeichnet. Bei Z\u00e4hlpixeln\u00a0&#8211; auch von Dritten, deren Dienste wir nutzen\u00a0&#8211; handelt es sich um kleine, \u00fcblicherweise nicht sichtbare Bilder, die beim Besuch unserer Website automatisch abgerufen werden. Mit Z\u00e4hlpixeln k\u00f6nnen die gleichen Angaben wie in Server-Logdateien erfasst werden.<h4 id=\"social-media\"><strong>9. Social Media<\/strong><\/h4>Wir sind auf Social Media-Plattformen und anderen Online-Plattformen pr\u00e4sent, um mit interessierten Personen kommunizieren sowie \u00fcber unsere Aktivit\u00e4ten und T\u00e4tigkeiten informieren zu k\u00f6nnen. Im Zusammenhang mit solchen Plattformen k\u00f6nnen Personendaten auch ausserhalb der Schweiz bearbeitet werden.Es gelten jeweils auch die Allgemeinen Gesch\u00e4ftsbedingungen (AGB) und Nutzungsbedingungen sowie Datenschutzerkl\u00e4rungen und sonstigen Bestimmungen der einzelnen Betreiber solcher Plattformen. Diese Bestimmungen informieren insbesondere \u00fcber die Rechte von betroffenen Personen direkt gegen\u00fcber der jeweiligen Plattform, wozu beispielsweise das Recht auf Auskunft z\u00e4hlt.<h4 id=\"dienste\"><strong>10. services of third parties<\/strong><\/h4>Wir nutzen Dienste von spezialisierten Dritten, um unsere Aktivit\u00e4ten und T\u00e4tigkeiten dauerhaft, nutzerfreundlich, sicher und zuverl\u00e4ssig aus\u00fcben zu k\u00f6nnen. Mit solchen Diensten k\u00f6nnen wir unter anderem Funktionen und Inhalte in unsere Website einbetten. Bei einer solchen Einbettung erfassen die genutzten Dienste aus technisch zwingenden Gr\u00fcnden mindestens zeitweilig die Internet Protocol\u00a0(IP)-Adressen der Nutzerinnen und Nutzer.F\u00fcr erforderliche sicherheitsrelevante, statistische und technische Zwecke k\u00f6nnen Dritte, deren Dienste wir nutzen, Daten im Zusammenhang mit unseren Aktivit\u00e4ten und T\u00e4tigkeiten aggregiert, anonymisiert oder pseudonymisiert bearbeiten. Es handelt sich beispielsweise um Leistungs- oder Nutzungsdaten, um den jeweiligen Dienst anbieten zu k\u00f6nnen.<ul><li><strong><a href=\"https:\/\/www.microsoft.com\/de-ch\" target=\"_blank\" rel=\"nofollow noopener noreferrer\">Services from Microsoft:<\/a><\/strong> Providers: Microsoft Corporation (USA) \/ Microsoft Ireland Operations Limited (Ireland) for users in the European Economic Area (EEA), the United Kingdom and Switzerland; General information on data protection: <a href=\"https:\/\/privacy.microsoft.com\/de-de\" target=\"_blank\" rel=\"nofollow noopener noreferrer\">\u201cData privacy at Microsoft\u201d<\/a>, <a href=\"https:\/\/www.microsoft.com\/de-ch\/trust-center\/privacy\" target=\"_blank\" rel=\"nofollow noopener noreferrer\">\u201cData privacy (Trust Center)\u201d<\/a>, <a href=\"https:\/\/privacy.microsoft.com\/de-de\/privacystatement\" target=\"_blank\" rel=\"nofollow noopener noreferrer\">Data privacy statement<\/a>.<\/li><\/ul><h4 id=\"infrastruktur\">10.1 Digital infrastructure<\/h4>Wir nutzen Dienste von spezialisierten Dritten, um ben\u00f6tigte digitale Infrastruktur im Zusammenhang mit unseren Aktivit\u00e4ten und T\u00e4tigkeiten in Anspruch nehmen zu k\u00f6nnen. Dazu z\u00e4hlen beispielsweise Hosting- und Speicherdienste von ausgew\u00e4hlten Anbietern.Wir nutzen insbesondere:<ul><li><strong><a href=\"https:\/\/www.metanet.ch\/de\" target=\"_blank\" rel=\"nofollow noopener noreferrer\">METANET:<\/a><\/strong> Hosting; Service provider: METANET AG (Switzerland); Privacy policy: <a href=\"https:\/\/www.metanet.ch\/de\/ueber-metanet\/datenschutzerklaerung\" target=\"_blank\" rel=\"nofollow noopener noreferrer\">Data privacy statement<\/a>, <a href=\"https:\/\/www.metanet.ch\/media\/57\/download\/Technisch_organisatorische_Massnahmen_v1_0_a.pdf\" target=\"_blank\" rel=\"nofollow noopener noreferrer\">\u201cTechnical and organizational measures\u201d<\/a>.<\/li><\/ul><h4 id=\"schriftarten\">10.2 Fonts<\/h4>Wir nutzen Dienste von Dritten, um ausgew\u00e4hlte Schriftarten sowie Icons, Logos und Symbole in unsere Website einbetten zu k\u00f6nnen.Wir nutzen insbesondere:<ul><li><strong><a href=\"https:\/\/fontawesome.com\/\" target=\"_blank\" rel=\"nofollow noopener noreferrer\">Font Awesome:<\/a><\/strong> Icons and logos; Service provider: Fonticons Inc (USA); Privacy policy: <a href=\"https:\/\/fontawesome.com\/privacy\" target=\"_blank\" rel=\"nofollow noopener noreferrer\">Data privacy statement<\/a>.<\/li><\/ul><h4><strong>11. extensions for the website<\/strong><\/h4>We use extensions for our website in order to be able to use additional functions.<h4 id=\"schlussbestimmungen\"><strong>12. final provisions<\/strong><\/h4>We may amend and supplement this privacy policy at any time. We will inform you of such amendments and additions in an appropriate form, in particular by publishing the current data protection declaration on our website.<\/p>","protected":false},"excerpt":{"rendered":"<p>Datenschutzerkl\u00e4rung Mit dieser Datenschutzerkl\u00e4rung informieren wir, welche Personendaten wir im Zusammenhang mit unseren Aktivit\u00e4ten und T\u00e4tigkeiten einschliesslich unserer moroccotravelbe.com-Website bearbeiten. Wir informieren insbesondere, wof\u00fcr, wie und wo wir welche Personendaten bearbeiten. Wir informieren ausserdem \u00fcber die Rechte von Personen, deren Daten wir bearbeiten.F\u00fcr einzelne oder zus\u00e4tzliche Aktivit\u00e4ten und T\u00e4tigkeiten k\u00f6nnen weitere Datenschutzerkl\u00e4rungen sowie sonstige rechtliche&hellip;<\/p>","protected":false},"author":1,"featured_media":0,"parent":0,"menu_order":0,"comment_status":"closed","ping_status":"closed","template":"","meta":{"footnotes":""},"class_list":["post-979","page","type-page","status-publish","hentry"],"yoast_head":"<!-- This site is optimized with the Yoast SEO plugin v27.4 - https:\/\/yoast.com\/product\/yoast-seo-wordpress\/ -->\n<title>Datenschutzerkl\u00e4rung - moroccotravelbe<\/title>\n<meta name=\"robots\" content=\"index, follow, max-snippet:-1, max-image-preview:large, max-video-preview:-1\" \/>\n<link rel=\"canonical\" href=\"https:\/\/moroccotravelbe.com\/en\/datenschutzerklaerung\/\" \/>\n<meta property=\"og:locale\" content=\"en_GB\" \/>\n<meta property=\"og:type\" content=\"article\" \/>\n<meta property=\"og:title\" content=\"Datenschutzerkl\u00e4rung - moroccotravelbe\" \/>\n<meta property=\"og:description\" content=\"Datenschutzerkl\u00e4rung Mit dieser Datenschutzerkl\u00e4rung informieren wir, welche Personendaten wir im Zusammenhang mit unseren Aktivit\u00e4ten und T\u00e4tigkeiten einschliesslich unserer moroccotravelbe.com-Website bearbeiten. Wir informieren insbesondere, wof\u00fcr, wie und wo wir welche Personendaten bearbeiten. Wir informieren ausserdem \u00fcber die Rechte von Personen, deren Daten wir bearbeiten.F\u00fcr einzelne oder zus\u00e4tzliche Aktivit\u00e4ten und T\u00e4tigkeiten k\u00f6nnen weitere Datenschutzerkl\u00e4rungen sowie sonstige rechtliche&hellip;\" \/>\n<meta property=\"og:url\" content=\"https:\/\/moroccotravelbe.com\/en\/datenschutzerklaerung\/\" \/>\n<meta property=\"og:site_name\" content=\"moroccotravelbe\" \/>\n<meta property=\"article:modified_time\" content=\"2024-01-17T15:44:21+00:00\" \/>\n<meta name=\"twitter:card\" content=\"summary_large_image\" \/>\n<script type=\"application\/ld+json\" class=\"yoast-schema-graph\">{\"@context\":\"https:\\\/\\\/schema.org\",\"@graph\":[{\"@type\":\"WebPage\",\"@id\":\"https:\\\/\\\/moroccotravelbe.com\\\/datenschutzerklaerung\\\/\",\"url\":\"https:\\\/\\\/moroccotravelbe.com\\\/datenschutzerklaerung\\\/\",\"name\":\"Datenschutzerkl\u00e4rung - moroccotravelbe\",\"isPartOf\":{\"@id\":\"https:\\\/\\\/moroccotravelbe.com\\\/#website\"},\"datePublished\":\"2023-12-23T13:24:23+00:00\",\"dateModified\":\"2024-01-17T15:44:21+00:00\",\"breadcrumb\":{\"@id\":\"https:\\\/\\\/moroccotravelbe.com\\\/datenschutzerklaerung\\\/#breadcrumb\"},\"inLanguage\":\"en-GB\",\"potentialAction\":[{\"@type\":\"ReadAction\",\"target\":[\"https:\\\/\\\/moroccotravelbe.com\\\/datenschutzerklaerung\\\/\"]}]},{\"@type\":\"BreadcrumbList\",\"@id\":\"https:\\\/\\\/moroccotravelbe.com\\\/datenschutzerklaerung\\\/#breadcrumb\",\"itemListElement\":[{\"@type\":\"ListItem\",\"position\":1,\"name\":\"home\",\"item\":\"https:\\\/\\\/moroccotravelbe.com\\\/\"},{\"@type\":\"ListItem\",\"position\":2,\"name\":\"Datenschutzerkl\u00e4rung\"}]},{\"@type\":\"WebSite\",\"@id\":\"https:\\\/\\\/moroccotravelbe.com\\\/#website\",\"url\":\"https:\\\/\\\/moroccotravelbe.com\\\/\",\"name\":\"moroccotravelbe\",\"description\":\"W\u00fcstentrekkings &amp; Reisen in Marokko\",\"potentialAction\":[{\"@type\":\"SearchAction\",\"target\":{\"@type\":\"EntryPoint\",\"urlTemplate\":\"https:\\\/\\\/moroccotravelbe.com\\\/?s={search_term_string}\"},\"query-input\":{\"@type\":\"PropertyValueSpecification\",\"valueRequired\":true,\"valueName\":\"search_term_string\"}}],\"inLanguage\":\"en-GB\"}]}<\/script>\n<!-- \/ Yoast SEO plugin. -->","yoast_head_json":{"title":"Datenschutzerkl\u00e4rung - moroccotravelbe","robots":{"index":"index","follow":"follow","max-snippet":"max-snippet:-1","max-image-preview":"max-image-preview:large","max-video-preview":"max-video-preview:-1"},"canonical":"https:\/\/moroccotravelbe.com\/en\/datenschutzerklaerung\/","og_locale":"en_GB","og_type":"article","og_title":"Datenschutzerkl\u00e4rung - moroccotravelbe","og_description":"Datenschutzerkl\u00e4rung Mit dieser Datenschutzerkl\u00e4rung informieren wir, welche Personendaten wir im Zusammenhang mit unseren Aktivit\u00e4ten und T\u00e4tigkeiten einschliesslich unserer moroccotravelbe.com-Website bearbeiten. Wir informieren insbesondere, wof\u00fcr, wie und wo wir welche Personendaten bearbeiten. Wir informieren ausserdem \u00fcber die Rechte von Personen, deren Daten wir bearbeiten.F\u00fcr einzelne oder zus\u00e4tzliche Aktivit\u00e4ten und T\u00e4tigkeiten k\u00f6nnen weitere Datenschutzerkl\u00e4rungen sowie sonstige rechtliche&hellip;","og_url":"https:\/\/moroccotravelbe.com\/en\/datenschutzerklaerung\/","og_site_name":"moroccotravelbe","article_modified_time":"2024-01-17T15:44:21+00:00","twitter_card":"summary_large_image","schema":{"@context":"https:\/\/schema.org","@graph":[{"@type":"WebPage","@id":"https:\/\/moroccotravelbe.com\/datenschutzerklaerung\/","url":"https:\/\/moroccotravelbe.com\/datenschutzerklaerung\/","name":"Datenschutzerkl\u00e4rung - moroccotravelbe","isPartOf":{"@id":"https:\/\/moroccotravelbe.com\/#website"},"datePublished":"2023-12-23T13:24:23+00:00","dateModified":"2024-01-17T15:44:21+00:00","breadcrumb":{"@id":"https:\/\/moroccotravelbe.com\/datenschutzerklaerung\/#breadcrumb"},"inLanguage":"en-GB","potentialAction":[{"@type":"ReadAction","target":["https:\/\/moroccotravelbe.com\/datenschutzerklaerung\/"]}]},{"@type":"BreadcrumbList","@id":"https:\/\/moroccotravelbe.com\/datenschutzerklaerung\/#breadcrumb","itemListElement":[{"@type":"ListItem","position":1,"name":"home","item":"https:\/\/moroccotravelbe.com\/"},{"@type":"ListItem","position":2,"name":"Datenschutzerkl\u00e4rung"}]},{"@type":"WebSite","@id":"https:\/\/moroccotravelbe.com\/#website","url":"https:\/\/moroccotravelbe.com\/","name":"moroccotravelbe","description":"W\u00fcstentrekkings &amp; Reisen in Marokko","potentialAction":[{"@type":"SearchAction","target":{"@type":"EntryPoint","urlTemplate":"https:\/\/moroccotravelbe.com\/?s={search_term_string}"},"query-input":{"@type":"PropertyValueSpecification","valueRequired":true,"valueName":"search_term_string"}}],"inLanguage":"en-GB"}]}},"_links":{"self":[{"href":"https:\/\/moroccotravelbe.com\/en\/wp-json\/wp\/v2\/pages\/979","targetHints":{"allow":["GET"]}}],"collection":[{"href":"https:\/\/moroccotravelbe.com\/en\/wp-json\/wp\/v2\/pages"}],"about":[{"href":"https:\/\/moroccotravelbe.com\/en\/wp-json\/wp\/v2\/types\/page"}],"author":[{"embeddable":true,"href":"https:\/\/moroccotravelbe.com\/en\/wp-json\/wp\/v2\/users\/1"}],"replies":[{"embeddable":true,"href":"https:\/\/moroccotravelbe.com\/en\/wp-json\/wp\/v2\/comments?post=979"}],"version-history":[{"count":3,"href":"https:\/\/moroccotravelbe.com\/en\/wp-json\/wp\/v2\/pages\/979\/revisions"}],"predecessor-version":[{"id":1062,"href":"https:\/\/moroccotravelbe.com\/en\/wp-json\/wp\/v2\/pages\/979\/revisions\/1062"}],"wp:attachment":[{"href":"https:\/\/moroccotravelbe.com\/en\/wp-json\/wp\/v2\/media?parent=979"}],"curies":[{"name":"wp","href":"https:\/\/api.w.org\/{rel}","templated":true}]}}