{"id":999,"date":"2023-12-23T14:15:34","date_gmt":"2023-12-23T14:15:34","guid":{"rendered":"https:\/\/moroccotravelbe.com\/?page_id=999"},"modified":"2023-12-23T14:25:05","modified_gmt":"2023-12-23T14:25:05","slug":"impressum","status":"publish","type":"page","link":"https:\/\/moroccotravelbe.com\/en\/impressum\/","title":{"rendered":"Imprint"},"content":{"rendered":"<h1>\n\t\t\tImprint\n\t\t<\/h1>\n\t\t\t<p>Tanja Henz<br \/>Wirtsg\u00e4ssli 2<br \/>4629 Fulenbach (CH)<br \/>Tel: +41 78 849 33 22<br \/>info@moroccotravelbe.com<h3>Copyright protection<\/h3>All information, graphics, images and other data on this website are subject to copyright and are the property of Tanja Henz. The content of this website may not be reproduced or used in other electronic or printed publications without permission.<h3>References &amp; Links<\/h3>Despite careful control of the content, I assume no liability for the content of external links. The operators of the linked pages are solely responsible for their content.<\/p>","protected":false},"excerpt":{"rendered":"<p>Impressum Tanja HenzWirtsg\u00e4ssli 24629 Fulenbach (CH)Tel: +41 78 849 33 22info@moroccotravelbe.com Urheberschutz Alle Informationen, Grafiken, Bilder und sonstige Daten auf dieser Website unterliegen dem Urheberrecht und sind Eigentum von Tanja Henz. Ohne Zustimmung d\u00fcrfen die Inhalte dieser Website weder vervielf\u00e4ltigt noch in anderen elektronischen oder gedruckten Publikationen verwendet werden. Verweise &amp; Links Trotz sorgf\u00e4ltiger inhaltlicher&hellip;<\/p>","protected":false},"author":1,"featured_media":0,"parent":0,"menu_order":0,"comment_status":"closed","ping_status":"closed","template":"","meta":{"footnotes":""},"class_list":["post-999","page","type-page","status-publish","hentry"],"yoast_head":"<!-- This site is optimized with the Yoast SEO plugin v27.4 - https:\/\/yoast.com\/product\/yoast-seo-wordpress\/ -->\n<title>Impressum - moroccotravelbe<\/title>\n<meta name=\"robots\" content=\"index, follow, max-snippet:-1, max-image-preview:large, max-video-preview:-1\" \/>\n<link rel=\"canonical\" href=\"https:\/\/moroccotravelbe.com\/en\/impressum\/\" \/>\n<meta property=\"og:locale\" content=\"en_GB\" \/>\n<meta property=\"og:type\" content=\"article\" \/>\n<meta property=\"og:title\" content=\"Impressum - moroccotravelbe\" \/>\n<meta property=\"og:description\" content=\"Impressum Tanja HenzWirtsg\u00e4ssli 24629 Fulenbach (CH)Tel: +41 78 849 33 22info@moroccotravelbe.com Urheberschutz Alle Informationen, Grafiken, Bilder und sonstige Daten auf dieser Website unterliegen dem Urheberrecht und sind Eigentum von Tanja Henz. Ohne Zustimmung d\u00fcrfen die Inhalte dieser Website weder vervielf\u00e4ltigt noch in anderen elektronischen oder gedruckten Publikationen verwendet werden. Verweise &amp; Links Trotz sorgf\u00e4ltiger inhaltlicher&hellip;\" \/>\n<meta property=\"og:url\" content=\"https:\/\/moroccotravelbe.com\/en\/impressum\/\" \/>\n<meta property=\"og:site_name\" content=\"moroccotravelbe\" \/>\n<meta property=\"article:modified_time\" content=\"2023-12-23T14:25:05+00:00\" \/>\n<meta name=\"twitter:card\" content=\"summary_large_image\" \/>\n<script type=\"application\/ld+json\" class=\"yoast-schema-graph\">{\"@context\":\"https:\\\/\\\/schema.org\",\"@graph\":[{\"@type\":\"WebPage\",\"@id\":\"https:\\\/\\\/moroccotravelbe.com\\\/impressum\\\/\",\"url\":\"https:\\\/\\\/moroccotravelbe.com\\\/impressum\\\/\",\"name\":\"Impressum - moroccotravelbe\",\"isPartOf\":{\"@id\":\"https:\\\/\\\/moroccotravelbe.com\\\/#website\"},\"datePublished\":\"2023-12-23T14:15:34+00:00\",\"dateModified\":\"2023-12-23T14:25:05+00:00\",\"breadcrumb\":{\"@id\":\"https:\\\/\\\/moroccotravelbe.com\\\/impressum\\\/#breadcrumb\"},\"inLanguage\":\"en-GB\",\"potentialAction\":[{\"@type\":\"ReadAction\",\"target\":[\"https:\\\/\\\/moroccotravelbe.com\\\/impressum\\\/\"]}]},{\"@type\":\"BreadcrumbList\",\"@id\":\"https:\\\/\\\/moroccotravelbe.com\\\/impressum\\\/#breadcrumb\",\"itemListElement\":[{\"@type\":\"ListItem\",\"position\":1,\"name\":\"home\",\"item\":\"https:\\\/\\\/moroccotravelbe.com\\\/\"},{\"@type\":\"ListItem\",\"position\":2,\"name\":\"Impressum\"}]},{\"@type\":\"WebSite\",\"@id\":\"https:\\\/\\\/moroccotravelbe.com\\\/#website\",\"url\":\"https:\\\/\\\/moroccotravelbe.com\\\/\",\"name\":\"moroccotravelbe\",\"description\":\"W\u00fcstentrekkings &amp; Reisen in Marokko\",\"potentialAction\":[{\"@type\":\"SearchAction\",\"target\":{\"@type\":\"EntryPoint\",\"urlTemplate\":\"https:\\\/\\\/moroccotravelbe.com\\\/?s={search_term_string}\"},\"query-input\":{\"@type\":\"PropertyValueSpecification\",\"valueRequired\":true,\"valueName\":\"search_term_string\"}}],\"inLanguage\":\"en-GB\"}]}<\/script>\n<!-- \/ Yoast SEO plugin. -->","yoast_head_json":{"title":"Impressum - moroccotravelbe","robots":{"index":"index","follow":"follow","max-snippet":"max-snippet:-1","max-image-preview":"max-image-preview:large","max-video-preview":"max-video-preview:-1"},"canonical":"https:\/\/moroccotravelbe.com\/en\/impressum\/","og_locale":"en_GB","og_type":"article","og_title":"Impressum - moroccotravelbe","og_description":"Impressum Tanja HenzWirtsg\u00e4ssli 24629 Fulenbach (CH)Tel: +41 78 849 33 22info@moroccotravelbe.com Urheberschutz Alle Informationen, Grafiken, Bilder und sonstige Daten auf dieser Website unterliegen dem Urheberrecht und sind Eigentum von Tanja Henz. Ohne Zustimmung d\u00fcrfen die Inhalte dieser Website weder vervielf\u00e4ltigt noch in anderen elektronischen oder gedruckten Publikationen verwendet werden. Verweise &amp; Links Trotz sorgf\u00e4ltiger inhaltlicher&hellip;","og_url":"https:\/\/moroccotravelbe.com\/en\/impressum\/","og_site_name":"moroccotravelbe","article_modified_time":"2023-12-23T14:25:05+00:00","twitter_card":"summary_large_image","schema":{"@context":"https:\/\/schema.org","@graph":[{"@type":"WebPage","@id":"https:\/\/moroccotravelbe.com\/impressum\/","url":"https:\/\/moroccotravelbe.com\/impressum\/","name":"Impressum - moroccotravelbe","isPartOf":{"@id":"https:\/\/moroccotravelbe.com\/#website"},"datePublished":"2023-12-23T14:15:34+00:00","dateModified":"2023-12-23T14:25:05+00:00","breadcrumb":{"@id":"https:\/\/moroccotravelbe.com\/impressum\/#breadcrumb"},"inLanguage":"en-GB","potentialAction":[{"@type":"ReadAction","target":["https:\/\/moroccotravelbe.com\/impressum\/"]}]},{"@type":"BreadcrumbList","@id":"https:\/\/moroccotravelbe.com\/impressum\/#breadcrumb","itemListElement":[{"@type":"ListItem","position":1,"name":"home","item":"https:\/\/moroccotravelbe.com\/"},{"@type":"ListItem","position":2,"name":"Impressum"}]},{"@type":"WebSite","@id":"https:\/\/moroccotravelbe.com\/#website","url":"https:\/\/moroccotravelbe.com\/","name":"moroccotravelbe","description":"W\u00fcstentrekkings &amp; Reisen in Marokko","potentialAction":[{"@type":"SearchAction","target":{"@type":"EntryPoint","urlTemplate":"https:\/\/moroccotravelbe.com\/?s={search_term_string}"},"query-input":{"@type":"PropertyValueSpecification","valueRequired":true,"valueName":"search_term_string"}}],"inLanguage":"en-GB"}]}},"_links":{"self":[{"href":"https:\/\/moroccotravelbe.com\/en\/wp-json\/wp\/v2\/pages\/999","targetHints":{"allow":["GET"]}}],"collection":[{"href":"https:\/\/moroccotravelbe.com\/en\/wp-json\/wp\/v2\/pages"}],"about":[{"href":"https:\/\/moroccotravelbe.com\/en\/wp-json\/wp\/v2\/types\/page"}],"author":[{"embeddable":true,"href":"https:\/\/moroccotravelbe.com\/en\/wp-json\/wp\/v2\/users\/1"}],"replies":[{"embeddable":true,"href":"https:\/\/moroccotravelbe.com\/en\/wp-json\/wp\/v2\/comments?post=999"}],"version-history":[{"count":2,"href":"https:\/\/moroccotravelbe.com\/en\/wp-json\/wp\/v2\/pages\/999\/revisions"}],"predecessor-version":[{"id":1001,"href":"https:\/\/moroccotravelbe.com\/en\/wp-json\/wp\/v2\/pages\/999\/revisions\/1001"}],"wp:attachment":[{"href":"https:\/\/moroccotravelbe.com\/en\/wp-json\/wp\/v2\/media?parent=999"}],"curies":[{"name":"wp","href":"https:\/\/api.w.org\/{rel}","templated":true}]}}